{"id":1368,"date":"2022-03-07T01:10:19","date_gmt":"2022-03-07T01:10:19","guid":{"rendered":"https:\/\/fapodivel.pt\/?page_id=1368"},"modified":"2022-03-18T22:22:57","modified_gmt":"2022-03-18T22:22:57","slug":"a-fapodivel-e-a-confap-2","status":"publish","type":"page","link":"https:\/\/fapodivel.pt\/?page_id=1368","title":{"rendered":"A FAPODIVEL e a CONFAP"},"content":{"rendered":"\t\t<div data-elementor-type=\"wp-page\" data-elementor-id=\"1368\" class=\"elementor elementor-1368\" data-elementor-settings=\"{&quot;ha_cmc_init_switcher&quot;:&quot;no&quot;}\">\n\t\t\t\t\t\t<section class=\"elementor-section elementor-top-section elementor-element elementor-element-12ce414 elementor-section-boxed elementor-section-height-default elementor-section-height-default\" data-id=\"12ce414\" data-element_type=\"section\" data-e-type=\"section\" data-settings=\"{&quot;_ha_eqh_enable&quot;:false}\">\n\t\t\t\t\t\t<div class=\"elementor-container elementor-column-gap-default\">\n\t\t\t\t\t<div class=\"elementor-column elementor-col-100 elementor-top-column elementor-element elementor-element-d761b69\" data-id=\"d761b69\" data-element_type=\"column\" data-e-type=\"column\">\n\t\t\t<div class=\"elementor-widget-wrap elementor-element-populated\">\n\t\t\t\t\t\t<div class=\"elementor-element elementor-element-5187972 elementor-widget elementor-widget-heading\" data-id=\"5187972\" data-element_type=\"widget\" data-e-type=\"widget\" data-widget_type=\"heading.default\">\n\t\t\t\t<div class=\"elementor-widget-container\">\n\t\t\t\t\t<h2 class=\"elementor-heading-title elementor-size-large\">A FAPODIVEL e a CONFAP<\/h2>\t\t\t\t<\/div>\n\t\t\t\t<\/div>\n\t\t\t\t<div class=\"elementor-element elementor-element-6a7ff1d elementor-widget elementor-widget-text-editor\" data-id=\"6a7ff1d\" data-element_type=\"widget\" data-e-type=\"widget\" data-widget_type=\"text-editor.default\">\n\t\t\t\t<div class=\"elementor-widget-container\">\n\t\t\t\t\t\t\t\t\t<p>A FAPODIVEL considera fundamental a colabora\u00e7\u00e3o entre Associa\u00e7\u00f5es, Federa\u00e7\u00f5es e Confedera\u00e7\u00f5es de Pais. Juntos, o nosso esfor\u00e7o produz resultados mais significativos e mais r\u00e1pidos.<\/p><p>Por delibera\u00e7\u00e3o da Assembleia Geral de 19\/12\/2019, a FAPODIVEL passou a promover a ades\u00e3o das Associadas \u00e0 CONFAP, pelo que 5\u20ac da quota anual s\u00e3o usados para pagar a quota da Associada que adere \u00e0 CONFAP.<\/p><p>Para ser s\u00f3cio da CONFAP \u00e9 necess\u00e1rio imprimir, preencher e assinar o<strong>\u00a0<a href=\"https:\/\/confap.pt\/wp-content\/uploads\/Boletim_Admissa%CC%83oAssociado-min.pdf\">formul\u00e1rio de inscri\u00e7\u00e3o.<\/a><\/strong><\/p><p>Este formul\u00e1rio deve ser enviado para o mail da FAPODIVEL, <span style=\"color: #808080;\"><strong>federacao.concelhia@gmail.com<\/strong><\/span>, juntamente com os seguintes documentos:<\/p><p>&#8211; Publica\u00e7\u00e3o dos estatutos;<\/p><p>&#8211; Cart\u00e3o de Pessoa Coletiva ou Documento Equiparado (c\u00f3digo de acesso, &#8230;);<\/p><p>&#8211; Ata de elei\u00e7\u00e3o ou auto de tomada de posse dos \u00d3rg\u00e3os Sociais em exerc\u00edcio.<\/p>\t\t\t\t\t\t\t\t<\/div>\n\t\t\t\t<\/div>\n\t\t\t\t\t<\/div>\n\t\t<\/div>\n\t\t\t\t\t<\/div>\n\t\t<\/section>\n\t\t\t\t<\/div>\n\t\t","protected":false},"excerpt":{"rendered":"<p>A FAPODIVEL e a CONFAP A FAPODIVEL considera fundamental a colabora\u00e7\u00e3o entre Associa\u00e7\u00f5es, Federa\u00e7\u00f5es e Confedera\u00e7\u00f5es de Pais. Juntos, o nosso esfor\u00e7o produz resultados mais significativos e mais r\u00e1pidos. Por delibera\u00e7\u00e3o da Assembleia Geral de 19\/12\/2019, a FAPODIVEL passou a promover a ades\u00e3o das Associadas \u00e0 CONFAP, pelo que 5\u20ac da quota anual s\u00e3o usados &hellip; <\/p>\n<p><a class=\"more-link btn\" href=\"https:\/\/fapodivel.pt\/?page_id=1368\">Continue reading<\/a><\/p>\n","protected":false},"author":592732,"featured_media":0,"parent":2008,"menu_order":4,"comment_status":"closed","ping_status":"closed","template":"","meta":{"footnotes":""},"class_list":["post-1368","page","type-page","status-publish","hentry","nodate","item-wrap"],"_links":{"self":[{"href":"https:\/\/fapodivel.pt\/index.php?rest_route=\/wp\/v2\/pages\/1368","targetHints":{"allow":["GET"]}}],"collection":[{"href":"https:\/\/fapodivel.pt\/index.php?rest_route=\/wp\/v2\/pages"}],"about":[{"href":"https:\/\/fapodivel.pt\/index.php?rest_route=\/wp\/v2\/types\/page"}],"author":[{"embeddable":true,"href":"https:\/\/fapodivel.pt\/index.php?rest_route=\/wp\/v2\/users\/592732"}],"replies":[{"embeddable":true,"href":"https:\/\/fapodivel.pt\/index.php?rest_route=%2Fwp%2Fv2%2Fcomments&post=1368"}],"version-history":[{"count":28,"href":"https:\/\/fapodivel.pt\/index.php?rest_route=\/wp\/v2\/pages\/1368\/revisions"}],"predecessor-version":[{"id":1909,"href":"https:\/\/fapodivel.pt\/index.php?rest_route=\/wp\/v2\/pages\/1368\/revisions\/1909"}],"up":[{"embeddable":true,"href":"https:\/\/fapodivel.pt\/index.php?rest_route=\/wp\/v2\/pages\/2008"}],"wp:attachment":[{"href":"https:\/\/fapodivel.pt\/index.php?rest_route=%2Fwp%2Fv2%2Fmedia&parent=1368"}],"curies":[{"name":"wp","href":"https:\/\/api.w.org\/{rel}","templated":true}]}}