{"id":2208,"date":"2022-04-02T19:30:40","date_gmt":"2022-04-02T19:30:40","guid":{"rendered":"https:\/\/fapodivel.pt\/?page_id=2208"},"modified":"2022-04-02T21:18:31","modified_gmt":"2022-04-02T21:18:31","slug":"divulgacao","status":"publish","type":"page","link":"https:\/\/fapodivel.pt\/?page_id=2208","title":{"rendered":"Divulga\u00e7\u00e3o"},"content":{"rendered":"\t\t<div data-elementor-type=\"wp-page\" data-elementor-id=\"2208\" class=\"elementor elementor-2208\" data-elementor-settings=\"{&quot;ha_cmc_init_switcher&quot;:&quot;no&quot;}\">\n\t\t\t\t\t\t<section class=\"elementor-section elementor-top-section elementor-element elementor-element-f82f0c8 elementor-section-stretched elementor-section-boxed elementor-section-height-default elementor-section-height-default\" data-id=\"f82f0c8\" data-element_type=\"section\" data-e-type=\"section\" data-settings=\"{&quot;stretch_section&quot;:&quot;section-stretched&quot;,&quot;_ha_eqh_enable&quot;:false}\">\n\t\t\t\t\t\t<div class=\"elementor-container elementor-column-gap-default\">\n\t\t\t\t\t<div class=\"elementor-column elementor-col-33 elementor-top-column elementor-element elementor-element-5ff0cf7\" data-id=\"5ff0cf7\" data-element_type=\"column\" data-e-type=\"column\">\n\t\t\t<div class=\"elementor-widget-wrap elementor-element-populated\">\n\t\t\t\t\t\t<div class=\"elementor-element elementor-element-902fe09 elementor-widget elementor-widget-heading\" data-id=\"902fe09\" data-element_type=\"widget\" data-e-type=\"widget\" data-widget_type=\"heading.default\">\n\t\t\t\t<div class=\"elementor-widget-container\">\n\t\t\t\t\t<h2 class=\"elementor-heading-title elementor-size-large\">Divulga\u00e7\u00e3o<\/h2>\t\t\t\t<\/div>\n\t\t\t\t<\/div>\n\t\t\t\t<div class=\"elementor-element elementor-element-ce3d932 elementor-widget elementor-widget-text-editor\" data-id=\"ce3d932\" data-element_type=\"widget\" data-e-type=\"widget\" data-widget_type=\"text-editor.default\">\n\t\t\t\t<div class=\"elementor-widget-container\">\n\t\t\t\t\t\t\t\t\t<p>Consulte toda a informa\u00e7\u00e3o sobre iniciativas e eventos da FAPODIVEL e das Associa\u00e7\u00f5es de Pais do Concelho de Odivelas. Est\u00e3o tamb\u00e9m dispon\u00edveis not\u00edcias e informa\u00e7\u00f5es, eventos promovidos pela CONFAP e pelas Federa\u00e7\u00f5es e iniciativas\/ eventos de Forma\u00e7\u00e3o e Educa\u00e7\u00e3o e de Cultura e Desporto.\u00a0<\/p>\t\t\t\t\t\t\t\t<\/div>\n\t\t\t\t<\/div>\n\t\t\t\t\t<\/div>\n\t\t<\/div>\n\t\t\t\t<div class=\"elementor-column elementor-col-33 elementor-top-column elementor-element elementor-element-f183573\" data-id=\"f183573\" data-element_type=\"column\" data-e-type=\"column\">\n\t\t\t<div class=\"elementor-widget-wrap elementor-element-populated\">\n\t\t\t\t\t\t<div class=\"elementor-element elementor-element-928fe3d elementor-view-default elementor-widget elementor-widget-icon\" data-id=\"928fe3d\" data-element_type=\"widget\" data-e-type=\"widget\" data-widget_type=\"icon.default\">\n\t\t\t\t<div class=\"elementor-widget-container\">\n\t\t\t\t\t\t\t<div class=\"elementor-icon-wrapper\">\n\t\t\t<a class=\"elementor-icon\" href=\"https:\/\/www.facebook.com\/fapodivel\" target=\"_blank\">\n\t\t\t<i aria-hidden=\"true\" class=\"fab fa-facebook-square\"><\/i>\t\t\t<\/a>\n\t\t<\/div>\n\t\t\t\t\t\t<\/div>\n\t\t\t\t<\/div>\n\t\t\t\t\t<\/div>\n\t\t<\/div>\n\t\t\t\t<div class=\"elementor-column elementor-col-33 elementor-top-column elementor-element elementor-element-2e5831e\" data-id=\"2e5831e\" data-element_type=\"column\" data-e-type=\"column\">\n\t\t\t<div class=\"elementor-widget-wrap elementor-element-populated\">\n\t\t\t\t\t\t<div class=\"elementor-element elementor-element-adcaa3d elementor-widget elementor-widget-text-editor\" data-id=\"adcaa3d\" data-element_type=\"widget\" data-e-type=\"widget\" data-widget_type=\"text-editor.default\">\n\t\t\t\t<div class=\"elementor-widget-container\">\n\t\t\t\t\t\t\t\t\t<p><a href=\"https:\/\/www.facebook.com\/fapodivel\" target=\"_blank\" rel=\"noopener\">Facebook<\/a><\/p>\t\t\t\t\t\t\t\t<\/div>\n\t\t\t\t<\/div>\n\t\t\t\t\t<\/div>\n\t\t<\/div>\n\t\t\t\t\t<\/div>\n\t\t<\/section>\n\t\t\t\t<section class=\"elementor-section elementor-top-section elementor-element elementor-element-8f02f87 elementor-section-stretched elementor-section-boxed elementor-section-height-default elementor-section-height-default\" data-id=\"8f02f87\" data-element_type=\"section\" data-e-type=\"section\" data-settings=\"{&quot;stretch_section&quot;:&quot;section-stretched&quot;,&quot;_ha_eqh_enable&quot;:false}\">\n\t\t\t\t\t\t<div class=\"elementor-container elementor-column-gap-default\">\n\t\t\t\t\t<div class=\"elementor-column elementor-col-16 elementor-top-column elementor-element elementor-element-dd2732f\" data-id=\"dd2732f\" data-element_type=\"column\" data-e-type=\"column\">\n\t\t\t<div class=\"elementor-widget-wrap elementor-element-populated\">\n\t\t\t\t\t\t<div class=\"elementor-element elementor-element-05713b3 elementor-widget elementor-widget-image\" data-id=\"05713b3\" data-element_type=\"widget\" data-e-type=\"widget\" data-widget_type=\"image.default\">\n\t\t\t\t<div class=\"elementor-widget-container\">\n\t\t\t\t\t\t\t\t\t\t\t\t\t\t\t\t<a href=\"https:\/\/fapodivel.pt\/?cat=10\">\n\t\t\t\t\t\t\t<img fetchpriority=\"high\" decoding=\"async\" width=\"500\" height=\"500\" src=\"https:\/\/fapodivel.pt\/wp-content\/uploads\/2022\/04\/Categorias-FAPODIVEL.png\" class=\"elementor-animation-wobble-vertical attachment-large size-large wp-image-2213\" alt=\"\" srcset=\"https:\/\/fapodivel.pt\/wp-content\/uploads\/2022\/04\/Categorias-FAPODIVEL.png 500w, https:\/\/fapodivel.pt\/wp-content\/uploads\/2022\/04\/Categorias-FAPODIVEL-300x300.png 300w, https:\/\/fapodivel.pt\/wp-content\/uploads\/2022\/04\/Categorias-FAPODIVEL-150x150.png 150w\" sizes=\"(max-width: 500px) 100vw, 500px\" \/>\t\t\t\t\t\t\t\t<\/a>\n\t\t\t\t\t\t\t\t\t\t\t\t\t\t\t<\/div>\n\t\t\t\t<\/div>\n\t\t\t\t\t<\/div>\n\t\t<\/div>\n\t\t\t\t<div class=\"elementor-column elementor-col-16 elementor-top-column elementor-element elementor-element-6b62be9\" data-id=\"6b62be9\" data-element_type=\"column\" data-e-type=\"column\">\n\t\t\t<div class=\"elementor-widget-wrap elementor-element-populated\">\n\t\t\t\t\t\t<div class=\"elementor-element elementor-element-d414d00 elementor-widget elementor-widget-image\" data-id=\"d414d00\" data-element_type=\"widget\" data-e-type=\"widget\" data-widget_type=\"image.default\">\n\t\t\t\t<div class=\"elementor-widget-container\">\n\t\t\t\t\t\t\t\t\t\t\t\t\t\t\t\t<a href=\"https:\/\/fapodivel.pt\/?cat=16\">\n\t\t\t\t\t\t\t<img decoding=\"async\" width=\"500\" height=\"500\" src=\"https:\/\/fapodivel.pt\/wp-content\/uploads\/2022\/04\/Categorias-FAPODIVEL-1.png\" class=\"elementor-animation-wobble-vertical attachment-large size-large wp-image-2209\" alt=\"\" srcset=\"https:\/\/fapodivel.pt\/wp-content\/uploads\/2022\/04\/Categorias-FAPODIVEL-1.png 500w, https:\/\/fapodivel.pt\/wp-content\/uploads\/2022\/04\/Categorias-FAPODIVEL-1-300x300.png 300w, https:\/\/fapodivel.pt\/wp-content\/uploads\/2022\/04\/Categorias-FAPODIVEL-1-150x150.png 150w\" sizes=\"(max-width: 500px) 100vw, 500px\" \/>\t\t\t\t\t\t\t\t<\/a>\n\t\t\t\t\t\t\t\t\t\t\t\t\t\t\t<\/div>\n\t\t\t\t<\/div>\n\t\t\t\t\t<\/div>\n\t\t<\/div>\n\t\t\t\t<div class=\"elementor-column elementor-col-16 elementor-top-column elementor-element elementor-element-0ac52fc\" data-id=\"0ac52fc\" data-element_type=\"column\" data-e-type=\"column\">\n\t\t\t<div class=\"elementor-widget-wrap elementor-element-populated\">\n\t\t\t\t\t\t<div class=\"elementor-element elementor-element-00171d1 elementor-widget elementor-widget-image\" data-id=\"00171d1\" data-element_type=\"widget\" data-e-type=\"widget\" data-widget_type=\"image.default\">\n\t\t\t\t<div class=\"elementor-widget-container\">\n\t\t\t\t\t\t\t\t\t\t\t\t\t\t\t\t<a href=\"https:\/\/fapodivel.pt\/?cat=17\">\n\t\t\t\t\t\t\t<img decoding=\"async\" width=\"500\" height=\"500\" src=\"https:\/\/fapodivel.pt\/wp-content\/uploads\/2022\/04\/Categorias-FAPODIVEL-2.png\" class=\"elementor-animation-wobble-vertical attachment-large size-large wp-image-2210\" alt=\"\" srcset=\"https:\/\/fapodivel.pt\/wp-content\/uploads\/2022\/04\/Categorias-FAPODIVEL-2.png 500w, https:\/\/fapodivel.pt\/wp-content\/uploads\/2022\/04\/Categorias-FAPODIVEL-2-300x300.png 300w, https:\/\/fapodivel.pt\/wp-content\/uploads\/2022\/04\/Categorias-FAPODIVEL-2-150x150.png 150w\" sizes=\"(max-width: 500px) 100vw, 500px\" \/>\t\t\t\t\t\t\t\t<\/a>\n\t\t\t\t\t\t\t\t\t\t\t\t\t\t\t<\/div>\n\t\t\t\t<\/div>\n\t\t\t\t\t<\/div>\n\t\t<\/div>\n\t\t\t\t<div class=\"elementor-column elementor-col-16 elementor-top-column elementor-element elementor-element-f591350\" data-id=\"f591350\" data-element_type=\"column\" data-e-type=\"column\">\n\t\t\t<div class=\"elementor-widget-wrap elementor-element-populated\">\n\t\t\t\t\t\t<div class=\"elementor-element elementor-element-a8782dc elementor-widget elementor-widget-image\" data-id=\"a8782dc\" data-element_type=\"widget\" data-e-type=\"widget\" data-widget_type=\"image.default\">\n\t\t\t\t<div class=\"elementor-widget-container\">\n\t\t\t\t\t\t\t\t\t\t\t\t\t\t\t\t<a href=\"https:\/\/fapodivel.pt\/?cat=18\">\n\t\t\t\t\t\t\t<img loading=\"lazy\" decoding=\"async\" width=\"500\" height=\"500\" src=\"https:\/\/fapodivel.pt\/wp-content\/uploads\/2022\/04\/Categorias-FAPODIVEL-3.png\" class=\"elementor-animation-wobble-vertical attachment-large size-large wp-image-2211\" alt=\"\" srcset=\"https:\/\/fapodivel.pt\/wp-content\/uploads\/2022\/04\/Categorias-FAPODIVEL-3.png 500w, https:\/\/fapodivel.pt\/wp-content\/uploads\/2022\/04\/Categorias-FAPODIVEL-3-300x300.png 300w, https:\/\/fapodivel.pt\/wp-content\/uploads\/2022\/04\/Categorias-FAPODIVEL-3-150x150.png 150w\" sizes=\"(max-width: 500px) 100vw, 500px\" \/>\t\t\t\t\t\t\t\t<\/a>\n\t\t\t\t\t\t\t\t\t\t\t\t\t\t\t<\/div>\n\t\t\t\t<\/div>\n\t\t\t\t\t<\/div>\n\t\t<\/div>\n\t\t\t\t<div class=\"elementor-column elementor-col-16 elementor-top-column elementor-element elementor-element-1d9f7ce\" data-id=\"1d9f7ce\" data-element_type=\"column\" data-e-type=\"column\">\n\t\t\t<div class=\"elementor-widget-wrap elementor-element-populated\">\n\t\t\t\t\t\t<div class=\"elementor-element elementor-element-a376829 elementor-widget elementor-widget-image\" data-id=\"a376829\" data-element_type=\"widget\" data-e-type=\"widget\" data-widget_type=\"image.default\">\n\t\t\t\t<div class=\"elementor-widget-container\">\n\t\t\t\t\t\t\t\t\t\t\t\t\t\t\t\t<a href=\"https:\/\/fapodivel.pt\/?cat=14\">\n\t\t\t\t\t\t\t<img loading=\"lazy\" decoding=\"async\" width=\"500\" height=\"500\" src=\"https:\/\/fapodivel.pt\/wp-content\/uploads\/2022\/04\/Categorias-FAPODIVEL-4.png\" class=\"elementor-animation-wobble-vertical attachment-large size-large wp-image-2212\" alt=\"\" srcset=\"https:\/\/fapodivel.pt\/wp-content\/uploads\/2022\/04\/Categorias-FAPODIVEL-4.png 500w, https:\/\/fapodivel.pt\/wp-content\/uploads\/2022\/04\/Categorias-FAPODIVEL-4-300x300.png 300w, https:\/\/fapodivel.pt\/wp-content\/uploads\/2022\/04\/Categorias-FAPODIVEL-4-150x150.png 150w\" sizes=\"(max-width: 500px) 100vw, 500px\" \/>\t\t\t\t\t\t\t\t<\/a>\n\t\t\t\t\t\t\t\t\t\t\t\t\t\t\t<\/div>\n\t\t\t\t<\/div>\n\t\t\t\t\t<\/div>\n\t\t<\/div>\n\t\t\t\t<div class=\"elementor-column elementor-col-16 elementor-top-column elementor-element elementor-element-f551107\" data-id=\"f551107\" data-element_type=\"column\" data-e-type=\"column\">\n\t\t\t<div class=\"elementor-widget-wrap elementor-element-populated\">\n\t\t\t\t\t\t<div class=\"elementor-element elementor-element-4941c2c elementor-position-inline-start elementor-view-default elementor-mobile-position-block-start elementor-widget elementor-widget-icon-box\" data-id=\"4941c2c\" data-element_type=\"widget\" data-e-type=\"widget\" data-widget_type=\"icon-box.default\">\n\t\t\t\t<div class=\"elementor-widget-container\">\n\t\t\t\t\t\t\t<div class=\"elementor-icon-box-wrapper\">\n\n\t\t\t\t\t\t<div class=\"elementor-icon-box-icon\">\n\t\t\t\t<span  class=\"elementor-icon elementor-animation-grow\">\n\t\t\t\t<i aria-hidden=\"true\" class=\"fas fa-folder-open\"><\/i>\t\t\t\t<\/span>\n\t\t\t<\/div>\n\t\t\t\n\t\t\t\t\t\t<div class=\"elementor-icon-box-content\">\n\n\t\t\t\t\t\t\t\t\t<h4 class=\"elementor-icon-box-title\">\n\t\t\t\t\t\t<span  >\n\t\t\t\t\t\t\tArquivo\t\t\t\t\t\t<\/span>\n\t\t\t\t\t<\/h4>\n\t\t\t\t\n\t\t\t\t\n\t\t\t<\/div>\n\t\t\t\n\t\t<\/div>\n\t\t\t\t\t\t<\/div>\n\t\t\t\t<\/div>\n\t\t\t\t<div class=\"elementor-element elementor-element-af1c7bb elementor-widget elementor-widget-wp-widget-archives\" data-id=\"af1c7bb\" data-element_type=\"widget\" data-e-type=\"widget\" data-widget_type=\"wp-widget-archives.default\">\n\t\t\t\t<div class=\"elementor-widget-container\">\n\t\t\t\t\t<h5>.<\/h5>\n\t\t\t<ul>\n\t\t\t\t\t<li><a href='https:\/\/fapodivel.pt\/?m=202511'>Novembro 2025<\/a><\/li>\n\t<li><a href='https:\/\/fapodivel.pt\/?m=202310'>Outubro 2023<\/a><\/li>\n\t<li><a href='https:\/\/fapodivel.pt\/?m=202304'>Abril 2023<\/a><\/li>\n\t<li><a href='https:\/\/fapodivel.pt\/?m=202211'>Novembro 2022<\/a><\/li>\n\t<li><a href='https:\/\/fapodivel.pt\/?m=202210'>Outubro 2022<\/a><\/li>\n\t<li><a href='https:\/\/fapodivel.pt\/?m=202206'>Junho 2022<\/a><\/li>\n\t<li><a href='https:\/\/fapodivel.pt\/?m=202205'>Maio 2022<\/a><\/li>\n\t<li><a href='https:\/\/fapodivel.pt\/?m=202204'>Abril 2022<\/a><\/li>\n\t<li><a href='https:\/\/fapodivel.pt\/?m=202203'>Mar\u00e7o 2022<\/a><\/li>\n\t<li><a href='https:\/\/fapodivel.pt\/?m=202112'>Dezembro 2021<\/a><\/li>\n\t<li><a href='https:\/\/fapodivel.pt\/?m=202110'>Outubro 2021<\/a><\/li>\n\t<li><a href='https:\/\/fapodivel.pt\/?m=202001'>Janeiro 2020<\/a><\/li>\n\t<li><a href='https:\/\/fapodivel.pt\/?m=201812'>Dezembro 2018<\/a><\/li>\n\t<li><a href='https:\/\/fapodivel.pt\/?m=201709'>Setembro 2017<\/a><\/li>\n\t<li><a href='https:\/\/fapodivel.pt\/?m=201702'>Fevereiro 2017<\/a><\/li>\n\t<li><a href='https:\/\/fapodivel.pt\/?m=201612'>Dezembro 2016<\/a><\/li>\n\t<li><a href='https:\/\/fapodivel.pt\/?m=201611'>Novembro 2016<\/a><\/li>\n\t<li><a href='https:\/\/fapodivel.pt\/?m=201610'>Outubro 2016<\/a><\/li>\n\t<li><a href='https:\/\/fapodivel.pt\/?m=201606'>Junho 2016<\/a><\/li>\n\t<li><a href='https:\/\/fapodivel.pt\/?m=201605'>Maio 2016<\/a><\/li>\n\t<li><a href='https:\/\/fapodivel.pt\/?m=201604'>Abril 2016<\/a><\/li>\n\t<li><a href='https:\/\/fapodivel.pt\/?m=201603'>Mar\u00e7o 2016<\/a><\/li>\n\t<li><a href='https:\/\/fapodivel.pt\/?m=201602'>Fevereiro 2016<\/a><\/li>\n\t<li><a href='https:\/\/fapodivel.pt\/?m=201512'>Dezembro 2015<\/a><\/li>\n\t<li><a href='https:\/\/fapodivel.pt\/?m=201510'>Outubro 2015<\/a><\/li>\n\t<li><a href='https:\/\/fapodivel.pt\/?m=201509'>Setembro 2015<\/a><\/li>\n\t<li><a href='https:\/\/fapodivel.pt\/?m=201508'>Agosto 2015<\/a><\/li>\n\t<li><a href='https:\/\/fapodivel.pt\/?m=201506'>Junho 2015<\/a><\/li>\n\t<li><a href='https:\/\/fapodivel.pt\/?m=201505'>Maio 2015<\/a><\/li>\n\t<li><a href='https:\/\/fapodivel.pt\/?m=201504'>Abril 2015<\/a><\/li>\n\t<li><a href='https:\/\/fapodivel.pt\/?m=201503'>Mar\u00e7o 2015<\/a><\/li>\n\t\t\t<\/ul>\n\n\t\t\t\t\t\t\t<\/div>\n\t\t\t\t<\/div>\n\t\t\t\t\t<\/div>\n\t\t<\/div>\n\t\t\t\t\t<\/div>\n\t\t<\/section>\n\t\t\t\t<section class=\"elementor-section elementor-top-section elementor-element elementor-element-3d86fcd elementor-section-boxed elementor-section-height-default elementor-section-height-default\" data-id=\"3d86fcd\" data-element_type=\"section\" data-e-type=\"section\" data-settings=\"{&quot;_ha_eqh_enable&quot;:false}\">\n\t\t\t\t\t\t<div class=\"elementor-container elementor-column-gap-default\">\n\t\t\t\t\t<div class=\"elementor-column elementor-col-100 elementor-top-column elementor-element elementor-element-2f6f434\" data-id=\"2f6f434\" data-element_type=\"column\" data-e-type=\"column\">\n\t\t\t<div class=\"elementor-widget-wrap\">\n\t\t\t\t\t\t\t<\/div>\n\t\t<\/div>\n\t\t\t\t\t<\/div>\n\t\t<\/section>\n\t\t\t\t<\/div>\n\t\t","protected":false},"excerpt":{"rendered":"<p>Divulga\u00e7\u00e3o Consulte toda a informa\u00e7\u00e3o sobre iniciativas e eventos da FAPODIVEL e das Associa\u00e7\u00f5es de Pais do Concelho de Odivelas. Est\u00e3o tamb\u00e9m dispon\u00edveis not\u00edcias e informa\u00e7\u00f5es, eventos promovidos pela CONFAP e pelas Federa\u00e7\u00f5es e iniciativas\/ eventos de Forma\u00e7\u00e3o e Educa\u00e7\u00e3o e de Cultura e Desporto.\u00a0 Facebook Arquivo<\/p>\n","protected":false},"author":592732,"featured_media":0,"parent":0,"menu_order":4,"comment_status":"closed","ping_status":"closed","template":"","meta":{"footnotes":""},"class_list":["post-2208","page","type-page","status-publish","hentry","nodate","item-wrap"],"_links":{"self":[{"href":"https:\/\/fapodivel.pt\/index.php?rest_route=\/wp\/v2\/pages\/2208","targetHints":{"allow":["GET"]}}],"collection":[{"href":"https:\/\/fapodivel.pt\/index.php?rest_route=\/wp\/v2\/pages"}],"about":[{"href":"https:\/\/fapodivel.pt\/index.php?rest_route=\/wp\/v2\/types\/page"}],"author":[{"embeddable":true,"href":"https:\/\/fapodivel.pt\/index.php?rest_route=\/wp\/v2\/users\/592732"}],"replies":[{"embeddable":true,"href":"https:\/\/fapodivel.pt\/index.php?rest_route=%2Fwp%2Fv2%2Fcomments&post=2208"}],"version-history":[{"count":60,"href":"https:\/\/fapodivel.pt\/index.php?rest_route=\/wp\/v2\/pages\/2208\/revisions"}],"predecessor-version":[{"id":2280,"href":"https:\/\/fapodivel.pt\/index.php?rest_route=\/wp\/v2\/pages\/2208\/revisions\/2280"}],"wp:attachment":[{"href":"https:\/\/fapodivel.pt\/index.php?rest_route=%2Fwp%2Fv2%2Fmedia&parent=2208"}],"curies":[{"name":"wp","href":"https:\/\/api.w.org\/{rel}","templated":true}]}}