{"id":455,"date":"2018-05-23T14:00:48","date_gmt":"2018-05-23T14:00:48","guid":{"rendered":"http:\/\/fapodivel.pt\/?page_id=455"},"modified":"2018-05-23T14:00:48","modified_gmt":"2018-05-23T14:00:48","slug":"utilizacao-de-cookies","status":"publish","type":"page","link":"https:\/\/fapodivel.pt\/?page_id=455","title":{"rendered":"Utiliza\u00e7\u00e3o de cookies"},"content":{"rendered":"<h2>O que s\u00e3o e para que servem os cookies?<\/h2>\n<p>Os cookies s\u00e3o pequenos ficheiros de informa\u00e7\u00e3o que ficam guardados no seu computador, tablet, telefone ou outro dispositivo com acesso \u00e0 Internet, atrav\u00e9s do browser. As informa\u00e7\u00f5es retidas pelos cookies s\u00e3o reenviadas ao servidor do site sempre que o browser abre uma das suas p\u00e1ginas.<\/p>\n<p>Os cookies ajudam a determinar a utilidade, o interesse e as utiliza\u00e7\u00f5es de um site, permitindo uma navega\u00e7\u00e3o mais r\u00e1pida e eficiente. Evitam a introdu\u00e7\u00e3o repetida das mesmas informa\u00e7\u00f5es.<\/p>\n<h2>Que tipo de cookies utilizamos no portal?<\/h2>\n<p>Existem dois tipos principais de cookies: os de sess\u00e3o e os permanentes. Os cookies de sess\u00e3o s\u00e3o tempor\u00e1rios e s\u00f3 permanecem no arquivo de cookies at\u00e9 o utilizador sair do site, pelo que s\u00e3o apagados quando fecha o browser. A informa\u00e7\u00e3o obtida serve para analisar padr\u00f5es de tr\u00e1fego, o que facilita a identifica\u00e7\u00e3o de problemas. J\u00e1 os cookies permanentes ficam guardados at\u00e9 o utilizador apag\u00e1-los manualmente ou a data de validade expirar. S\u00e3o utilizados sempre que o utilizador faz uma nova visita ao site para um servi\u00e7o mais personalizado, ajustando a navega\u00e7\u00e3o aos seus interesses.<\/p>\n<p>Destes, utilizamos cookies para v\u00e1rias finalidades. Os cookies anal\u00edticos s\u00e3o utilizados anonimamente para efeitos estat\u00edsticos. Os cookies de funcionalidade guardam as prefer\u00eancias do utilizador. Os cookies de terceiros medem o sucesso de aplica\u00e7\u00f5es e podem ser utilizados para personalizar bot\u00f5es, menus, \u00edcones e outras componentes de interface gr\u00e1fica com dados do utilizador (denominados widgets).<\/p>\n<p>N\u00e3o armazenamos informa\u00e7\u00e3o de identifica\u00e7\u00e3o pessoal nos cookies que utilizamos. Tamb\u00e9m n\u00e3o usamos os cookies para direcionar publicidade aos nossos utilizadores em fun\u00e7\u00e3o da sua navega\u00e7\u00e3o, nem para outros fins publicit\u00e1rios pr\u00f3prios ou de terceiros.<\/p>\n<h2>Como gerir os cookies?<\/h2>\n<p>Todos os browsers permitem ao utilizador aceitar, recusar ou apagar cookies em qualquer altura, configurando as defini\u00e7\u00f5es apropriadas no respetivo programa de navega\u00e7\u00e3o. Pode configurar os cookies no menu \u201cop\u00e7\u00f5es\u201d ou \u201cprefer\u00eancias\u201d do seu browser.<\/p>\n<p>Note-se que ao desativar cookies, perde o preenchimento autom\u00e1tico de alguns dados, como os de login. Al\u00e9m disso, pode impedir que alguns servi\u00e7os online funcionem corretamente, afetando a navega\u00e7\u00e3o no site.<\/p>\n<h2>Mais informa\u00e7\u00e3o<\/h2>\n<p>Para saber mais sobre cookies, consulte o seguinte link (em ingl\u00eas):<\/p>\n<ul class=\"bullet-list\">\n<li>All About Cookies<br \/>\n<a href=\"http:\/\/www.allaboutcookies.org\/\" target=\"_blank\" rel=\"noopener\">http:\/\/www.allaboutcookies.org\/<\/a><\/li>\n<\/ul>\n","protected":false},"excerpt":{"rendered":"<p>O que s\u00e3o e para que servem os cookies? Os cookies s\u00e3o pequenos ficheiros de informa\u00e7\u00e3o que ficam guardados no seu computador, tablet, telefone ou outro dispositivo com acesso \u00e0 Internet, atrav\u00e9s do browser. As informa\u00e7\u00f5es retidas pelos cookies s\u00e3o reenviadas ao servidor do site sempre que o browser abre uma das suas p\u00e1ginas. Os &hellip; <\/p>\n<p><a class=\"more-link btn\" href=\"https:\/\/fapodivel.pt\/?page_id=455\">Continue reading<\/a><\/p>\n","protected":false},"author":1,"featured_media":0,"parent":0,"menu_order":0,"comment_status":"closed","ping_status":"closed","template":"","meta":{"footnotes":""},"class_list":["post-455","page","type-page","status-publish","hentry","nodate","item-wrap"],"_links":{"self":[{"href":"https:\/\/fapodivel.pt\/index.php?rest_route=\/wp\/v2\/pages\/455","targetHints":{"allow":["GET"]}}],"collection":[{"href":"https:\/\/fapodivel.pt\/index.php?rest_route=\/wp\/v2\/pages"}],"about":[{"href":"https:\/\/fapodivel.pt\/index.php?rest_route=\/wp\/v2\/types\/page"}],"author":[{"embeddable":true,"href":"https:\/\/fapodivel.pt\/index.php?rest_route=\/wp\/v2\/users\/1"}],"replies":[{"embeddable":true,"href":"https:\/\/fapodivel.pt\/index.php?rest_route=%2Fwp%2Fv2%2Fcomments&post=455"}],"version-history":[{"count":1,"href":"https:\/\/fapodivel.pt\/index.php?rest_route=\/wp\/v2\/pages\/455\/revisions"}],"predecessor-version":[{"id":456,"href":"https:\/\/fapodivel.pt\/index.php?rest_route=\/wp\/v2\/pages\/455\/revisions\/456"}],"wp:attachment":[{"href":"https:\/\/fapodivel.pt\/index.php?rest_route=%2Fwp%2Fv2%2Fmedia&parent=455"}],"curies":[{"name":"wp","href":"https:\/\/api.w.org\/{rel}","templated":true}]}}