{"id":568,"date":"2022-02-04T21:52:56","date_gmt":"2022-02-04T21:52:56","guid":{"rendered":"https:\/\/fapodivel.pt\/?page_id=568"},"modified":"2025-05-27T00:35:40","modified_gmt":"2025-05-27T00:35:40","slug":"orgaos-sociais","status":"publish","type":"page","link":"https:\/\/fapodivel.pt\/?page_id=568","title":{"rendered":"\u00d3rg\u00e3os Sociais"},"content":{"rendered":"\t\t<div data-elementor-type=\"wp-page\" data-elementor-id=\"568\" class=\"elementor elementor-568\" data-elementor-settings=\"{&quot;ha_cmc_init_switcher&quot;:&quot;no&quot;}\">\n\t\t\t\t\t\t<section class=\"elementor-section elementor-top-section elementor-element elementor-element-dd0cb88 elementor-section-boxed elementor-section-height-default elementor-section-height-default\" data-id=\"dd0cb88\" data-element_type=\"section\" data-e-type=\"section\" data-settings=\"{&quot;_ha_eqh_enable&quot;:false}\">\n\t\t\t\t\t\t<div class=\"elementor-container elementor-column-gap-default\">\n\t\t\t\t\t<div class=\"elementor-column elementor-col-100 elementor-top-column elementor-element elementor-element-e5bd231\" data-id=\"e5bd231\" data-element_type=\"column\" data-e-type=\"column\">\n\t\t\t<div class=\"elementor-widget-wrap elementor-element-populated\">\n\t\t\t\t\t\t<div class=\"elementor-element elementor-element-05d99c4 elementor-widget elementor-widget-heading\" data-id=\"05d99c4\" data-element_type=\"widget\" data-e-type=\"widget\" data-widget_type=\"heading.default\">\n\t\t\t\t<div class=\"elementor-widget-container\">\n\t\t\t\t\t<h2 class=\"elementor-heading-title elementor-size-default\">\u00d3rg\u00e3os Sociais 2024\/2025<\/h2>\t\t\t\t<\/div>\n\t\t\t\t<\/div>\n\t\t\t\t\t<\/div>\n\t\t<\/div>\n\t\t\t\t\t<\/div>\n\t\t<\/section>\n\t\t\t\t<section class=\"elementor-section elementor-top-section elementor-element elementor-element-bc69673 elementor-section-boxed elementor-section-height-default elementor-section-height-default\" data-id=\"bc69673\" data-element_type=\"section\" data-e-type=\"section\" data-settings=\"{&quot;_ha_eqh_enable&quot;:false}\">\n\t\t\t\t\t\t<div class=\"elementor-container elementor-column-gap-default\">\n\t\t\t\t\t<div class=\"elementor-column elementor-col-100 elementor-top-column elementor-element elementor-element-1aa85c0\" data-id=\"1aa85c0\" data-element_type=\"column\" data-e-type=\"column\">\n\t\t\t<div class=\"elementor-widget-wrap elementor-element-populated\">\n\t\t\t\t\t\t<div class=\"elementor-element elementor-element-1751516 elementor-widget elementor-widget-heading\" data-id=\"1751516\" data-element_type=\"widget\" data-e-type=\"widget\" data-widget_type=\"heading.default\">\n\t\t\t\t<div class=\"elementor-widget-container\">\n\t\t\t\t\t<h3 class=\"elementor-heading-title elementor-size-default\">Assembleia Geral<\/h3>\t\t\t\t<\/div>\n\t\t\t\t<\/div>\n\t\t\t\t\t<\/div>\n\t\t<\/div>\n\t\t\t\t\t<\/div>\n\t\t<\/section>\n\t\t\t\t<section class=\"elementor-section elementor-top-section elementor-element elementor-element-c3b90b0 elementor-section-boxed elementor-section-height-default elementor-section-height-default\" data-id=\"c3b90b0\" data-element_type=\"section\" data-e-type=\"section\" data-settings=\"{&quot;_ha_eqh_enable&quot;:false}\">\n\t\t\t\t\t\t<div class=\"elementor-container elementor-column-gap-default\">\n\t\t\t\t\t<div class=\"elementor-column elementor-col-33 elementor-top-column elementor-element elementor-element-d51541f\" data-id=\"d51541f\" data-element_type=\"column\" data-e-type=\"column\">\n\t\t\t<div class=\"elementor-widget-wrap elementor-element-populated\">\n\t\t\t\t\t\t<div class=\"elementor-element elementor-element-ca5f42b elementor-widget__width-initial elementor-widget elementor-widget-heading\" data-id=\"ca5f42b\" data-element_type=\"widget\" data-e-type=\"widget\" data-widget_type=\"heading.default\">\n\t\t\t\t<div class=\"elementor-widget-container\">\n\t\t\t\t\t<span class=\"elementor-heading-title elementor-size-default\">Presidente<br>\n1.\u00ba Secret\u00e1rio<br>\n2.\u00ba Secret\u00e1rio<br>\nSuplente<br>\nSuplente<br>\nSuplente<br>\nSuplente<br>\nSuplente<br>\n<\/span>\t\t\t\t<\/div>\n\t\t\t\t<\/div>\n\t\t\t\t\t<\/div>\n\t\t<\/div>\n\t\t\t\t<div class=\"elementor-column elementor-col-33 elementor-top-column elementor-element elementor-element-ce11753\" data-id=\"ce11753\" data-element_type=\"column\" data-e-type=\"column\">\n\t\t\t<div class=\"elementor-widget-wrap elementor-element-populated\">\n\t\t\t\t\t\t<div class=\"elementor-element elementor-element-275e0e6 elementor-widget elementor-widget-heading\" data-id=\"275e0e6\" data-element_type=\"widget\" data-e-type=\"widget\" data-widget_type=\"heading.default\">\n\t\t\t\t<div class=\"elementor-widget-container\">\n\t\t\t\t\t<span class=\"elementor-heading-title elementor-size-default\">Sandra Maria Pinto da Costa<br>\nS\u00f3nia Marisa Pedroso Gon\u00e7alves<br>\nMaria Cristina Velez Boaventura<br>\nCl\u00e1udia Esteves  Bispo<br>\nLiliana Sofia dos Reis Cunha<br>\nJoana Daniel Silva<br>\nJoana Raquel Estevens Ferreira dos Santos Gaspar<br>\nAna Sofia Ferreira de S\u00e3o Jo\u00e3o<\/span>\t\t\t\t<\/div>\n\t\t\t\t<\/div>\n\t\t\t\t\t<\/div>\n\t\t<\/div>\n\t\t\t\t<div class=\"elementor-column elementor-col-33 elementor-top-column elementor-element elementor-element-8299110\" data-id=\"8299110\" data-element_type=\"column\" data-e-type=\"column\">\n\t\t\t<div class=\"elementor-widget-wrap elementor-element-populated\">\n\t\t\t\t\t\t<div class=\"elementor-element elementor-element-d8d57eb elementor-widget elementor-widget-heading\" data-id=\"d8d57eb\" data-element_type=\"widget\" data-e-type=\"widget\" data-widget_type=\"heading.default\">\n\t\t\t\t<div class=\"elementor-widget-container\">\n\t\t\t\t\t<span class=\"elementor-heading-title elementor-size-default\">APEE Escola B\u00e1sica 2\/3 Avelar Brotero<br>\nAPPE Escola B\u00e1sica Professora Maria Costa<br>\nAPEE Escola Secund\u00e1ria de Odivelas<br>\nAPEE Escola B\u00e1sica Rainha Santa<br>\nAPEE Escola Secund\u00e1ria de Cane\u00e7as<br>\nAPEE Escola B\u00e1sica Pintor Artur Alves Cardoso<br>\nAPEE Escola B\u00e1sica Quinta da Condessa<br>\nAPEE Escola B\u00e1sica Barbosa du Bocage<\/span>\t\t\t\t<\/div>\n\t\t\t\t<\/div>\n\t\t\t\t\t<\/div>\n\t\t<\/div>\n\t\t\t\t\t<\/div>\n\t\t<\/section>\n\t\t\t\t<section class=\"elementor-section elementor-top-section elementor-element elementor-element-4c2b028 elementor-section-boxed elementor-section-height-default elementor-section-height-default\" data-id=\"4c2b028\" data-element_type=\"section\" data-e-type=\"section\" data-settings=\"{&quot;_ha_eqh_enable&quot;:false}\">\n\t\t\t\t\t\t<div class=\"elementor-container elementor-column-gap-default\">\n\t\t\t\t\t<div class=\"elementor-column elementor-col-100 elementor-top-column elementor-element elementor-element-ddeb9f6\" data-id=\"ddeb9f6\" data-element_type=\"column\" data-e-type=\"column\">\n\t\t\t<div class=\"elementor-widget-wrap elementor-element-populated\">\n\t\t\t\t\t\t<div class=\"elementor-element elementor-element-faaf03f elementor-widget elementor-widget-heading\" data-id=\"faaf03f\" data-element_type=\"widget\" data-e-type=\"widget\" data-widget_type=\"heading.default\">\n\t\t\t\t<div class=\"elementor-widget-container\">\n\t\t\t\t\t<h3 class=\"elementor-heading-title elementor-size-default\">Conselho Executivo<\/h3>\t\t\t\t<\/div>\n\t\t\t\t<\/div>\n\t\t\t\t\t<\/div>\n\t\t<\/div>\n\t\t\t\t\t<\/div>\n\t\t<\/section>\n\t\t\t\t<section class=\"elementor-section elementor-top-section elementor-element elementor-element-f61207c elementor-section-boxed elementor-section-height-default elementor-section-height-default\" data-id=\"f61207c\" data-element_type=\"section\" data-e-type=\"section\" data-settings=\"{&quot;_ha_eqh_enable&quot;:false}\">\n\t\t\t\t\t\t<div class=\"elementor-container elementor-column-gap-default\">\n\t\t\t\t\t<div class=\"elementor-column elementor-col-33 elementor-top-column elementor-element elementor-element-b456a80\" data-id=\"b456a80\" data-element_type=\"column\" data-e-type=\"column\">\n\t\t\t<div class=\"elementor-widget-wrap elementor-element-populated\">\n\t\t\t\t\t\t<div class=\"elementor-element elementor-element-e656f28 elementor-widget elementor-widget-heading\" data-id=\"e656f28\" data-element_type=\"widget\" data-e-type=\"widget\" data-widget_type=\"heading.default\">\n\t\t\t\t<div class=\"elementor-widget-container\">\n\t\t\t\t\t<span class=\"elementor-heading-title elementor-size-default\">Presidente<br>\nVice-Presidente<br>\nSecret\u00e1rio<br>\nTesoureiro<br>\nVogal <br>\nVogal Suplente<br>\nVogal Suplente<br>\nVogal Suplente<\/span>\t\t\t\t<\/div>\n\t\t\t\t<\/div>\n\t\t\t\t\t<\/div>\n\t\t<\/div>\n\t\t\t\t<div class=\"elementor-column elementor-col-33 elementor-top-column elementor-element elementor-element-54910e6\" data-id=\"54910e6\" data-element_type=\"column\" data-e-type=\"column\">\n\t\t\t<div class=\"elementor-widget-wrap elementor-element-populated\">\n\t\t\t\t\t\t<div class=\"elementor-element elementor-element-2e7a594 elementor-widget elementor-widget-heading\" data-id=\"2e7a594\" data-element_type=\"widget\" data-e-type=\"widget\" data-widget_type=\"heading.default\">\n\t\t\t\t<div class=\"elementor-widget-container\">\n\t\t\t\t\t<span class=\"elementor-heading-title elementor-size-default\">Cl\u00e1udia Marina Fonseca Martins <br>\nJos\u00e9 Ant\u00f3nio Marques Soares<br>\nHelena Maria Campos Martins<br>\nAna Isabel Lopes da Silva Correia<br>\nFilipa Alexandra Gomes Cardoso Dias<br>\nJorge Ferreira da Silva<br>\nSara Cristina Alexandre Portugal<br>\nF\u00e1tima Elisabete da Costa Lobato<\/span>\t\t\t\t<\/div>\n\t\t\t\t<\/div>\n\t\t\t\t\t<\/div>\n\t\t<\/div>\n\t\t\t\t<div class=\"elementor-column elementor-col-33 elementor-top-column elementor-element elementor-element-c2f2486\" data-id=\"c2f2486\" data-element_type=\"column\" data-e-type=\"column\">\n\t\t\t<div class=\"elementor-widget-wrap elementor-element-populated\">\n\t\t\t\t\t\t<div class=\"elementor-element elementor-element-35aebdf elementor-widget elementor-widget-heading\" data-id=\"35aebdf\" data-element_type=\"widget\" data-e-type=\"widget\" data-widget_type=\"heading.default\">\n\t\t\t\t<div class=\"elementor-widget-container\">\n\t\t\t\t\t<span class=\"elementor-heading-title elementor-size-default\">APEE Escola B\u00e1sica 2\/3 D. Dinis<br>\nAPEE Escola B\u00e1sica 2\/3 Ant\u00f3nio Gede\u00e3o<br>\nAPEE Escola B\u00e1sica D. Dinis <br>\nAPEE Escola B\u00e1sica da Amoreira<br>\nAPEE Escola B\u00e1sica 2\/3 Carlos Paredes<br>\nAPEE Escola B\u00e1sica 2\/3 Vasco Santana<br>\nAPEE Escola B\u00e1sica Casais do Trigache<br>\nAPEE Escola B\u00e1sica Maria Lamas<br>\n\n<\/span>\t\t\t\t<\/div>\n\t\t\t\t<\/div>\n\t\t\t\t\t<\/div>\n\t\t<\/div>\n\t\t\t\t\t<\/div>\n\t\t<\/section>\n\t\t\t\t<section class=\"elementor-section elementor-top-section elementor-element elementor-element-6d47177 elementor-section-boxed elementor-section-height-default elementor-section-height-default\" data-id=\"6d47177\" data-element_type=\"section\" data-e-type=\"section\" data-settings=\"{&quot;_ha_eqh_enable&quot;:false}\">\n\t\t\t\t\t\t<div class=\"elementor-container elementor-column-gap-default\">\n\t\t\t\t\t<div class=\"elementor-column elementor-col-100 elementor-top-column elementor-element elementor-element-2017676\" data-id=\"2017676\" data-element_type=\"column\" data-e-type=\"column\">\n\t\t\t<div class=\"elementor-widget-wrap elementor-element-populated\">\n\t\t\t\t\t\t<div class=\"elementor-element elementor-element-46a7566 elementor-widget elementor-widget-heading\" data-id=\"46a7566\" data-element_type=\"widget\" data-e-type=\"widget\" data-widget_type=\"heading.default\">\n\t\t\t\t<div class=\"elementor-widget-container\">\n\t\t\t\t\t<h3 class=\"elementor-heading-title elementor-size-default\">Conselho Fiscal<\/h3>\t\t\t\t<\/div>\n\t\t\t\t<\/div>\n\t\t\t\t\t<\/div>\n\t\t<\/div>\n\t\t\t\t\t<\/div>\n\t\t<\/section>\n\t\t\t\t<section class=\"elementor-section elementor-top-section elementor-element elementor-element-25220f1 elementor-section-boxed elementor-section-height-default elementor-section-height-default\" data-id=\"25220f1\" data-element_type=\"section\" data-e-type=\"section\" data-settings=\"{&quot;_ha_eqh_enable&quot;:false}\">\n\t\t\t\t\t\t<div class=\"elementor-container elementor-column-gap-default\">\n\t\t\t\t\t<div class=\"elementor-column elementor-col-33 elementor-top-column elementor-element elementor-element-c690d91\" data-id=\"c690d91\" data-element_type=\"column\" data-e-type=\"column\">\n\t\t\t<div class=\"elementor-widget-wrap elementor-element-populated\">\n\t\t\t\t\t\t<div class=\"elementor-element elementor-element-92474b1 elementor-widget elementor-widget-heading\" data-id=\"92474b1\" data-element_type=\"widget\" data-e-type=\"widget\" data-widget_type=\"heading.default\">\n\t\t\t\t<div class=\"elementor-widget-container\">\n\t\t\t\t\t<span class=\"elementor-heading-title elementor-size-default\">Presidente<br>\nVice-Presidente<br>\nVogal <br>\nSuplente<br>\nSuplente<br>\nSuplente<br>\nSuplente<br>\n\n<\/span>\t\t\t\t<\/div>\n\t\t\t\t<\/div>\n\t\t\t\t\t<\/div>\n\t\t<\/div>\n\t\t\t\t<div class=\"elementor-column elementor-col-33 elementor-top-column elementor-element elementor-element-e5d5a5c\" data-id=\"e5d5a5c\" data-element_type=\"column\" data-e-type=\"column\">\n\t\t\t<div class=\"elementor-widget-wrap elementor-element-populated\">\n\t\t\t\t\t\t<div class=\"elementor-element elementor-element-b72b922 elementor-widget elementor-widget-heading\" data-id=\"b72b922\" data-element_type=\"widget\" data-e-type=\"widget\" data-widget_type=\"heading.default\">\n\t\t\t\t<div class=\"elementor-widget-container\">\n\t\t\t\t\t<span class=\"elementor-heading-title elementor-size-default\">Bruno Alexandre Ferreira Correia<br>\nCarlos Manuel Tim\u00f3teo Ver\u00edssimo<br>\nAna Ot\u00edlia Dias e Silva<br>\nAna Isabel Lan\u00e7a Gon\u00e7alves da Silva Ramos<br>\nS\u00f3nia Sofia Machado Marques<br>\nCl\u00e1udia Andreia da Silva Coutinho Correia<br>\nAna Rita da Costa Lopes Hon\u00f3rio Cunha<br><\/span>\t\t\t\t<\/div>\n\t\t\t\t<\/div>\n\t\t\t\t\t<\/div>\n\t\t<\/div>\n\t\t\t\t<div class=\"elementor-column elementor-col-33 elementor-top-column elementor-element elementor-element-c87e030\" data-id=\"c87e030\" data-element_type=\"column\" data-e-type=\"column\">\n\t\t\t<div class=\"elementor-widget-wrap elementor-element-populated\">\n\t\t\t\t\t\t<div class=\"elementor-element elementor-element-5a24c6f elementor-widget elementor-widget-heading\" data-id=\"5a24c6f\" data-element_type=\"widget\" data-e-type=\"widget\" data-widget_type=\"heading.default\">\n\t\t\t\t<div class=\"elementor-widget-container\">\n\t\t\t\t\t<span class=\"elementor-heading-title elementor-size-default\">APEE Escola B\u00e1sica Quinta de S. Jos\u00e9<BR>\nAPEE Escola B\u00e1sica Jo\u00e3o Villaret<br>\nAPEE Escola B\u00e1sica Ant\u00f3nio Maria Bravo<br>\nAPEE Escola B\u00e1sica do Mosteiro<br>\nAPEE Escola B\u00e1sica Ces\u00e1rio Verde <br>\nAPEE Escola B\u00e1sica dos Apr\u00e9stimos<br>\nAPEE Escola B\u00e1sica E\u00e7a de Queiroz<\/span>\t\t\t\t<\/div>\n\t\t\t\t<\/div>\n\t\t\t\t\t<\/div>\n\t\t<\/div>\n\t\t\t\t\t<\/div>\n\t\t<\/section>\n\t\t\t\t<\/div>\n\t\t","protected":false},"excerpt":{"rendered":"<p>\u00d3rg\u00e3os Sociais 2024\/2025 Assembleia Geral Presidente 1.\u00ba Secret\u00e1rio 2.\u00ba Secret\u00e1rio Suplente Suplente Suplente Suplente Suplente Sandra Maria Pinto da Costa S\u00f3nia Marisa Pedroso Gon\u00e7alves Maria Cristina Velez Boaventura Cl\u00e1udia Esteves Bispo Liliana Sofia dos Reis Cunha Joana Daniel Silva Joana Raquel Estevens Ferreira dos Santos Gaspar Ana Sofia Ferreira de S\u00e3o Jo\u00e3o APEE Escola B\u00e1sica &hellip; <\/p>\n<p><a class=\"more-link btn\" href=\"https:\/\/fapodivel.pt\/?page_id=568\">Continue reading<\/a><\/p>\n","protected":false},"author":592732,"featured_media":0,"parent":2008,"menu_order":2,"comment_status":"closed","ping_status":"closed","template":"","meta":{"footnotes":""},"class_list":["post-568","page","type-page","status-publish","hentry","nodate","item-wrap"],"_links":{"self":[{"href":"https:\/\/fapodivel.pt\/index.php?rest_route=\/wp\/v2\/pages\/568","targetHints":{"allow":["GET"]}}],"collection":[{"href":"https:\/\/fapodivel.pt\/index.php?rest_route=\/wp\/v2\/pages"}],"about":[{"href":"https:\/\/fapodivel.pt\/index.php?rest_route=\/wp\/v2\/types\/page"}],"author":[{"embeddable":true,"href":"https:\/\/fapodivel.pt\/index.php?rest_route=\/wp\/v2\/users\/592732"}],"replies":[{"embeddable":true,"href":"https:\/\/fapodivel.pt\/index.php?rest_route=%2Fwp%2Fv2%2Fcomments&post=568"}],"version-history":[{"count":85,"href":"https:\/\/fapodivel.pt\/index.php?rest_route=\/wp\/v2\/pages\/568\/revisions"}],"predecessor-version":[{"id":2582,"href":"https:\/\/fapodivel.pt\/index.php?rest_route=\/wp\/v2\/pages\/568\/revisions\/2582"}],"up":[{"embeddable":true,"href":"https:\/\/fapodivel.pt\/index.php?rest_route=\/wp\/v2\/pages\/2008"}],"wp:attachment":[{"href":"https:\/\/fapodivel.pt\/index.php?rest_route=%2Fwp%2Fv2%2Fmedia&parent=568"}],"curies":[{"name":"wp","href":"https:\/\/api.w.org\/{rel}","templated":true}]}}