{"id":575,"date":"2022-02-04T23:10:04","date_gmt":"2022-02-04T23:10:04","guid":{"rendered":"https:\/\/fapodivel.pt\/?page_id=575"},"modified":"2022-03-18T22:22:45","modified_gmt":"2022-03-18T22:22:45","slug":"historia","status":"publish","type":"page","link":"https:\/\/fapodivel.pt\/?page_id=575","title":{"rendered":"Hist\u00f3ria"},"content":{"rendered":"\t\t<div data-elementor-type=\"wp-page\" data-elementor-id=\"575\" class=\"elementor elementor-575\" data-elementor-settings=\"{&quot;ha_cmc_init_switcher&quot;:&quot;no&quot;}\">\n\t\t\t\t\t\t<section class=\"elementor-section elementor-top-section elementor-element elementor-element-fe4a0ce elementor-section-boxed elementor-section-height-default elementor-section-height-default\" data-id=\"fe4a0ce\" data-element_type=\"section\" data-e-type=\"section\" data-settings=\"{&quot;_ha_eqh_enable&quot;:false}\">\n\t\t\t\t\t\t<div class=\"elementor-container elementor-column-gap-default\">\n\t\t\t\t\t<div class=\"elementor-column elementor-col-100 elementor-top-column elementor-element elementor-element-19b599d\" data-id=\"19b599d\" data-element_type=\"column\" data-e-type=\"column\">\n\t\t\t<div class=\"elementor-widget-wrap elementor-element-populated\">\n\t\t\t\t\t\t<div class=\"elementor-element elementor-element-ac65f26 elementor-widget elementor-widget-heading\" data-id=\"ac65f26\" data-element_type=\"widget\" data-e-type=\"widget\" data-widget_type=\"heading.default\">\n\t\t\t\t<div class=\"elementor-widget-container\">\n\t\t\t\t\t<h2 class=\"elementor-heading-title elementor-size-default\">A nossa Hist\u00f3ria - Alguns marcos importantes...<\/h2>\t\t\t\t<\/div>\n\t\t\t\t<\/div>\n\t\t\t\t\t<\/div>\n\t\t<\/div>\n\t\t\t\t\t<\/div>\n\t\t<\/section>\n\t\t\t\t<section class=\"elementor-section elementor-top-section elementor-element elementor-element-670cd3c elementor-section-boxed elementor-section-height-default elementor-section-height-default\" data-id=\"670cd3c\" data-element_type=\"section\" data-e-type=\"section\" data-settings=\"{&quot;_ha_eqh_enable&quot;:false}\">\n\t\t\t\t\t\t<div class=\"elementor-container elementor-column-gap-default\">\n\t\t\t\t\t<div class=\"elementor-column elementor-col-100 elementor-top-column elementor-element elementor-element-8cf577e\" data-id=\"8cf577e\" data-element_type=\"column\" data-e-type=\"column\">\n\t\t\t<div class=\"elementor-widget-wrap elementor-element-populated\">\n\t\t\t\t\t\t<div class=\"elementor-element elementor-element-2e27139 elementor-widget elementor-widget-timeline-widget-addon\" data-id=\"2e27139\" data-element_type=\"widget\" data-e-type=\"widget\" data-widget_type=\"timeline-widget-addon.default\">\n\t\t\t\t<div class=\"elementor-widget-container\">\n\t\t\t\t\t<!-- ========= Timeline Widget  Addon For Elementor 1.6.24 ========= -->\n<div id=\"twae-wrapper-2e27139\" class=\"twae-wrapper twae-horizontal-timeline\">\n<div class=\"twae-wrapper-inside\">\n <div id=\"twae-slider-container-2e27139\" data-dir=\"\" data-slidestoshow=\"8\" data-autoplay=\"false\" data-auto-height=\"false\" class=\"twae-slider-container swiper-container\">\n <div  class=\"twae-slider-wrapper swiper-wrapper auto-height\"><!-- Start of Story Repeater Content --><div id=\"twae-article-6a2bb1b\" class=\"twae-repeater-item twae-story swiper-slide twae-story-no-icon\"><!-- Story Label --><div class=\"twae-labels\"><div class=\"twae-label-big\">Jan 2008<\/div><\/div><!-- Story Icon --><div class=\"twae-icon\"><i aria-hidden=\"true\" class=\"fas fa-power-off\"><\/i><\/div><!-- Story Arrow --><div class=\"twae-arrow\"><\/div><!-- Start of Story Content --><div class=\"twae-content\"><!-- Story Title --><div class=\"twae-title\">O In\u00edcio<\/div><!-- Story Description --><div class=\"twae-description\"><p>Ap\u00f3s diversas reuni\u00f5es e muito debate, ocorreu a Assembleia Geral de constitui\u00e7\u00e3o da FAPODIVEL<\/p><\/div><\/div><\/div><!-- Start of Story Repeater Content --><div id=\"twae-article-59f9d5c\" class=\"twae-repeater-item twae-story swiper-slide twae-story-no-icon\"><!-- Story Label --><div class=\"twae-labels\"><div class=\"twae-label-big twae-label-big\">Dez 2008<\/div><\/div><!-- Story Icon --><div class=\"twae-icon\"><i aria-hidden=\"true\" class=\"fas fa-compress-arrows-alt\"><\/i><\/div><!-- Story Arrow --><div class=\"twae-arrow\"><\/div><!-- Start of Story Content --><div class=\"twae-content\"><!-- Story Title --><div class=\"twae-title twae-title\">1.\u00ba Encontro Concelhio<\/div><!-- Story Description --><div class=\"twae-description twae-description\"><p>Subordinado ao tema <a href=\"https:\/\/drive.google.com\/file\/d\/0B-_pcq5cR8pPQnBLSE1sRWM0dXc\/view?usp=sharing&amp;resourcekey=0-tl_eyNZiGPBI9k_db5UEDA\" target=\"_blank\" rel=\"noopener\">\"Media\u00e7\u00e3o de conflitos em ambiente escolar\"<\/a><\/p><\/div><\/div><\/div><!-- Start of Story Repeater Content --><div id=\"twae-article-86e2bc9\" class=\"twae-repeater-item twae-story swiper-slide twae-story-no-icon\"><!-- Story Label --><div class=\"twae-labels\"><div class=\"twae-label-big twae-label-big twae-label-big\">2009<\/div><\/div><!-- Story Icon --><div class=\"twae-icon\"><i aria-hidden=\"true\" class=\"fas fa-book-open\"><\/i><\/div><!-- Story Arrow --><div class=\"twae-arrow\"><\/div><!-- Start of Story Content --><div class=\"twae-content\"><!-- Story Title --><div class=\"twae-title twae-title twae-title\">Boletim Informativo<\/div><!-- Story Description --><div class=\"twae-description twae-description twae-description\"><p>Era impresso em papel, oito p\u00e1ginas a cores com <a href=\"https:\/\/drive.google.com\/file\/d\/0B-_pcq5cR8pPdWpFVmZQQTRPc1E\/view?usp=sharing&amp;resourcekey=0-fy8bhEMsutCY7BegYfQrTQ\" target=\"_blank\" rel=\"noopener\">artigos de opini\u00e3o ou informativos<\/a><\/p><\/div><\/div><\/div><!-- Start of Story Repeater Content --><div id=\"twae-article-68655e6\" class=\"twae-repeater-item twae-story swiper-slide twae-story-no-icon\"><!-- Story Label --><div class=\"twae-labels\"><div class=\"twae-label-big twae-label-big twae-label-big twae-label-big\">2010<\/div><\/div><!-- Story Icon --><div class=\"twae-icon\"><i aria-hidden=\"true\" class=\"fas fa-globe\"><\/i><\/div><!-- Story Arrow --><div class=\"twae-arrow\"><\/div><!-- Start of Story Content --><div class=\"twae-content\"><!-- Story Title --><div class=\"twae-title twae-title twae-title twae-title\">Cria\u00e7\u00e3o do Site<\/div><!-- Story Description --><div class=\"twae-description twae-description twae-description twae-description\"><p>Espa\u00e7o de divulga\u00e7\u00e3o de iniciativas e fonte de informa\u00e7\u00e3o das APEEs<\/p><\/div><\/div><\/div><!-- Start of Story Repeater Content --><div id=\"twae-article-86329de\" class=\"twae-repeater-item twae-story swiper-slide twae-story-no-icon\"><!-- Story Label --><div class=\"twae-labels\"><div class=\"twae-label-big twae-label-big twae-label-big twae-label-big twae-label-big\">2014<\/div><\/div><!-- Story Icon --><div class=\"twae-icon\"><i aria-hidden=\"true\" class=\"fas fa-fist-raised\"><\/i><\/div><!-- Story Arrow --><div class=\"twae-arrow\"><\/div><!-- Start of Story Content --><div class=\"twae-content\"><!-- Story Title --><div class=\"twae-title twae-title twae-title twae-title twae-title\">Defesa da gest\u00e3o das AECs por APEEs<\/div><!-- Story Description --><div class=\"twae-description twae-description twae-description twae-description twae-description\"><p>Foi dif\u00edcil, at\u00e9 fomos \u00e0 Assembleia Municipal mas conseguimos<\/p><\/div><\/div><\/div><!-- Start of Story Repeater Content --><div id=\"twae-article-f3c2db2\" class=\"twae-repeater-item twae-story swiper-slide twae-story-no-icon\"><!-- Story Label --><div class=\"twae-labels\"><div class=\"twae-label-big twae-label-big twae-label-big twae-label-big twae-label-big twae-label-big\">2015<\/div><\/div><!-- Story Icon --><div class=\"twae-icon\"><i aria-hidden=\"true\" class=\"fas fa-school\"><\/i><\/div><!-- Story Arrow --><div class=\"twae-arrow\"><\/div><!-- Start of Story Content --><div class=\"twae-content\"><!-- Story Title --><div class=\"twae-title twae-title twae-title twae-title twae-title twae-title\">O 1.\u00ba MOPE<\/div><!-- Story Description --><div class=\"twae-description twae-description twae-description twae-description twae-description twae-description\"><p>Participamos no primeiro <a href=\"https:\/\/drive.google.com\/file\/d\/1e1QCFERZA9zuvmDjt0l-WcFGDe1WYwmO\/view?usp=sharing\" target=\"_blank\" rel=\"noopener\">MOPE<\/a>, divulgando a atividade das APEEs na escola<\/p><\/div><\/div><\/div><!-- Start of Story Repeater Content --><div id=\"twae-article-c013082\" class=\"twae-repeater-item twae-story swiper-slide twae-story-no-icon\"><!-- Story Label --><div class=\"twae-labels\"><div class=\"twae-label-big twae-label-big twae-label-big twae-label-big twae-label-big twae-label-big twae-label-big\">2016<\/div><\/div><!-- Story Icon --><div class=\"twae-icon\"><i aria-hidden=\"true\" class=\"fas fa-bullhorn\"><\/i><\/div><!-- Story Arrow --><div class=\"twae-arrow\"><\/div><!-- Start of Story Content --><div class=\"twae-content\"><!-- Story Title --><div class=\"twae-title twae-title twae-title twae-title twae-title twae-title twae-title\">Fizemo-nos ouvir<\/div><!-- Story Description --><div class=\"twae-description twae-description twae-description twae-description twae-description twae-description twae-description\"><p>Fomos recebidos pela Comiss\u00e3o de Educa\u00e7\u00e3o da Assembleia da Rep\u00fablica\u00a0 para resolver o vandalismo na <a href=\"https:\/\/drive.google.com\/file\/d\/1D-1qYY5EtGtBReNK0zq8pR0jNrYLpwfY\/view?usp=sharing\" target=\"_blank\" rel=\"noopener\">ES Ramada<\/a><\/p><\/div><\/div><\/div><!-- Start of Story Repeater Content --><div id=\"twae-article-9cf949b\" class=\"twae-repeater-item twae-story swiper-slide twae-story-no-icon\"><!-- Story Label --><div class=\"twae-labels\"><div class=\"twae-label-big twae-label-big twae-label-big twae-label-big twae-label-big twae-label-big twae-label-big twae-label-big\">2018<\/div><\/div><!-- Story Icon --><div class=\"twae-icon\"><i aria-hidden=\"true\" class=\"fas fa-utensils\"><\/i><\/div><!-- Story Arrow --><div class=\"twae-arrow\"><\/div><!-- Start of Story Content --><div class=\"twae-content\"><!-- Story Title --><div class=\"twae-title twae-title twae-title twae-title twae-title twae-title twae-title twae-title\">Show Cooking<\/div><!-- Story Description --><div class=\"twae-description twae-description twae-description twae-description twae-description twae-description twae-description twae-description\"><p>Uma iniciativa divertida que apresentou\u00a0 <a href=\"https:\/\/drive.google.com\/file\/d\/1oQ3dqpOJyzBOHxgpOXRmuFOhdsT8Maet\/view?usp=sharing\" target=\"_blank\" rel=\"noopener\">comida saud\u00e1vel e saborosa<\/a> a pais e filhos<\/p><\/div><\/div><\/div><\/div><\/div><\/div> <!-- Add Arrows -->\n       <div class=\"twae-button-prev\"><i class=\"fas fa-chevron-left\"><\/i><\/div>\n       <div class=\"twae-button-next\"><i class=\"fas fa-chevron-right\"><\/i><\/div>\n       <div class=\"twae-h-line\"><\/div>\n       <div class=\"twae-line-fill\"><\/div>\n    <\/div><style type=\"text\/css\">.elementor-575 .elementor-element.elementor-element-2e27139 .twae-wrapper.twae-vertical .twae-story{margin-bottom:60px!important}.elementor-575 .elementor-element.elementor-element-2e27139 .twae-wrapper{--tw-cbx-title-color:#737C91;}.elementor-575 .elementor-element.elementor-element-2e27139 .twae-wrapper{--tw-lbl-big-color:#5959AC;}.elementor-575 .elementor-element.elementor-element-2e27139 .twae-wrapper{--tw-ibx-bg:#6EC1E4;}.elementor-575 .elementor-element.elementor-element-2e27139 .twae-title{font-family:Tahoma;font-size:16px;font-style:normal;}@media (max-width: 1024px){ .twae-wrapper{--tw-ybx-size: 75px !important;}}@media (max-width: 767px){ .twae-wrapper{--tw-ybx-size: 75px !important}}<\/style>\t\t\t\t<\/div>\n\t\t\t\t<\/div>\n\t\t\t\t\t<\/div>\n\t\t<\/div>\n\t\t\t\t\t<\/div>\n\t\t<\/section>\n\t\t\t\t<section class=\"elementor-section elementor-top-section elementor-element elementor-element-71dcb19c elementor-section-boxed elementor-section-height-default elementor-section-height-default\" data-id=\"71dcb19c\" data-element_type=\"section\" data-e-type=\"section\" data-settings=\"{&quot;_ha_eqh_enable&quot;:false}\">\n\t\t\t\t\t\t<div class=\"elementor-container elementor-column-gap-default\">\n\t\t\t\t\t<div class=\"elementor-column elementor-col-100 elementor-top-column elementor-element elementor-element-26467f7f\" data-id=\"26467f7f\" data-element_type=\"column\" data-e-type=\"column\">\n\t\t\t<div class=\"elementor-widget-wrap elementor-element-populated\">\n\t\t\t\t\t\t<div class=\"elementor-element elementor-element-bd4d46f elementor-widget elementor-widget-heading\" data-id=\"bd4d46f\" data-element_type=\"widget\" data-e-type=\"widget\" data-widget_type=\"heading.default\">\n\t\t\t\t<div class=\"elementor-widget-container\">\n\t\t\t\t\t<h2 class=\"elementor-heading-title elementor-size-large\">A Constitui\u00e7\u00e3o da FAPODIVEL<\/h2>\t\t\t\t<\/div>\n\t\t\t\t<\/div>\n\t\t\t\t<div class=\"elementor-element elementor-element-1cd33592 elementor-widget elementor-widget-text-editor\" data-id=\"1cd33592\" data-element_type=\"widget\" data-e-type=\"widget\" data-widget_type=\"text-editor.default\">\n\t\t\t\t<div class=\"elementor-widget-container\">\n\t\t\t\t\t\t\t\t\t<p>A FAPODIVEL foi formalmente constitu\u00edda em 1 de janeiro de 2008, mas a ideia nasceu em 2003, quando Abdul Mahomed e Lu\u00eds Roberto foram eleitos como representantes das APEEs para o rec\u00e9m-criado Conselho Municipal de Educa\u00e7\u00e3o.&nbsp;Ambos sentiram a necessidade de auscultar as APs do Concelho, com o objetivo de identificarem as dificuldades sentidas pelos encarregados de educa\u00e7\u00e3o das escolas do Concelho. A falta de uma estrutura central, aglutinadora, fez-se ent\u00e3o sentir de forma premente.<\/p>\n<p>Muitas reuni\u00f5es e intenso debate se seguiu, at\u00e9 se chegar a um consenso no modelo da federa\u00e7\u00e3o que melhor servia as APs.&nbsp;<span style=\"font-family: inherit; color: var( --e-global-color-text );\">Estabeleceu-se enfim a comiss\u00e3o instaladora, constitu\u00edda por Abdul Mahomed, Ant\u00f3nio Boa-Nova, Jos\u00e9 Sousa e S\u00edlvio Mendes.<\/span><\/p>\n<p>Em novembro de 2007 ocorreu a reuni\u00e3o nas instala\u00e7\u00f5es da Escola Secund\u00e1ria de Odivelas que juntou representantes de 14 associa\u00e7\u00f5es de pais do concelho de Odivelas, onde se elegeram os \u00d3rg\u00e3os Sociais da Federa\u00e7\u00e3o.&nbsp;As APEEs fundadoras da FAPODIVEL foram as seguintes:<\/p>\n<p>&#8211; EB1 Amoreira<\/p>\n<p>&#8211; EB1\/ JI D. Dinis<\/p>\n<p>&#8211; EB1\/ JI Jo\u00e3o Villaret<\/p>\n<p>&#8211; EB1\/ JI Maria Lamas<\/p>\n<p>&#8211; EB1 Maria M\u00e1xima Vaz<\/p>\n<p>&#8211; EB1 n.\u00ba5 Odivelas (atual EB1 Bernardim Ribeiro)<\/p>\n<p>&#8211; EB1 Quinta da Condessa<\/p>\n<p>&#8211; EB1 Rainha Santa<\/p>\n<p>&#8211; EB 2\/3 Avelar Brotero<\/p>\n<p>&#8211; EB 2\/3 Gon\u00e7alves Crespo (atual EB 2\/3 Pontinha)<\/p>\n<p>&#8211; EB 2\/3 Vasco Santana<\/p>\n<p>&#8211; Secund\u00e1ria Braamcamp Freire<\/p>\n<p>&#8211; Secund\u00e1ria de Odivelas<\/p>\n<p>&#8211; Secund\u00e1ria da Ramada<\/p>\n<p>Desde a sua constitui\u00e7\u00e3o muitas outras APs se juntaram \u00e0 FAPODIVEL. Presentemente s\u00e3o 33 as APs associadas, trabalhando a FAPODIVEL em rede com 35 APs (num total de 40 APs ativas no Concelho)<\/p>\t\t\t\t\t\t\t\t<\/div>\n\t\t\t\t<\/div>\n\t\t\t\t\t<\/div>\n\t\t<\/div>\n\t\t\t\t\t<\/div>\n\t\t<\/section>\n\t\t\t\t<\/div>\n\t\t","protected":false},"excerpt":{"rendered":"<p>A nossa Hist\u00f3ria &#8211; Alguns marcos importantes&#8230; Jan 2008 O In\u00edcio Ap\u00f3s diversas reuni\u00f5es e muito debate, ocorreu a Assembleia Geral de constitui\u00e7\u00e3o da FAPODIVEL Dez 2008 1.\u00ba Encontro Concelhio Subordinado ao tema &#8220;Media\u00e7\u00e3o de conflitos em ambiente escolar&#8221; 2009 Boletim Informativo Era impresso em papel, oito p\u00e1ginas a cores com artigos de opini\u00e3o ou &hellip; <\/p>\n<p><a class=\"more-link btn\" href=\"https:\/\/fapodivel.pt\/?page_id=575\">Continue reading<\/a><\/p>\n","protected":false},"author":592732,"featured_media":0,"parent":2008,"menu_order":3,"comment_status":"closed","ping_status":"closed","template":"","meta":{"footnotes":""},"class_list":["post-575","page","type-page","status-publish","hentry","nodate","item-wrap"],"_links":{"self":[{"href":"https:\/\/fapodivel.pt\/index.php?rest_route=\/wp\/v2\/pages\/575","targetHints":{"allow":["GET"]}}],"collection":[{"href":"https:\/\/fapodivel.pt\/index.php?rest_route=\/wp\/v2\/pages"}],"about":[{"href":"https:\/\/fapodivel.pt\/index.php?rest_route=\/wp\/v2\/types\/page"}],"author":[{"embeddable":true,"href":"https:\/\/fapodivel.pt\/index.php?rest_route=\/wp\/v2\/users\/592732"}],"replies":[{"embeddable":true,"href":"https:\/\/fapodivel.pt\/index.php?rest_route=%2Fwp%2Fv2%2Fcomments&post=575"}],"version-history":[{"count":73,"href":"https:\/\/fapodivel.pt\/index.php?rest_route=\/wp\/v2\/pages\/575\/revisions"}],"predecessor-version":[{"id":1873,"href":"https:\/\/fapodivel.pt\/index.php?rest_route=\/wp\/v2\/pages\/575\/revisions\/1873"}],"up":[{"embeddable":true,"href":"https:\/\/fapodivel.pt\/index.php?rest_route=\/wp\/v2\/pages\/2008"}],"wp:attachment":[{"href":"https:\/\/fapodivel.pt\/index.php?rest_route=%2Fwp%2Fv2%2Fmedia&parent=575"}],"curies":[{"name":"wp","href":"https:\/\/api.w.org\/{rel}","templated":true}]}}