{"id":688,"date":"2022-02-05T20:25:04","date_gmt":"2022-02-05T20:25:04","guid":{"rendered":"https:\/\/fapodivel.pt\/?page_id=688"},"modified":"2022-03-27T16:37:58","modified_gmt":"2022-03-27T16:37:58","slug":"ser-associada","status":"publish","type":"page","link":"https:\/\/fapodivel.pt\/?page_id=688","title":{"rendered":"Ser Associada"},"content":{"rendered":"\t\t<div data-elementor-type=\"wp-page\" data-elementor-id=\"688\" class=\"elementor elementor-688\" data-elementor-settings=\"{&quot;ha_cmc_init_switcher&quot;:&quot;no&quot;}\">\n\t\t\t\t\t\t<section class=\"elementor-section elementor-top-section elementor-element elementor-element-64ea5cbd elementor-section-boxed elementor-section-height-default elementor-section-height-default\" data-id=\"64ea5cbd\" data-element_type=\"section\" data-e-type=\"section\" data-settings=\"{&quot;_ha_eqh_enable&quot;:false}\">\n\t\t\t\t\t\t<div class=\"elementor-container elementor-column-gap-default\">\n\t\t\t\t\t<div class=\"elementor-column elementor-col-100 elementor-top-column elementor-element elementor-element-64ccb3c\" data-id=\"64ccb3c\" data-element_type=\"column\" data-e-type=\"column\">\n\t\t\t<div class=\"elementor-widget-wrap elementor-element-populated\">\n\t\t\t\t\t\t<div class=\"elementor-element elementor-element-605ec95 elementor-widget elementor-widget-heading\" data-id=\"605ec95\" data-element_type=\"widget\" data-e-type=\"widget\" data-widget_type=\"heading.default\">\n\t\t\t\t<div class=\"elementor-widget-container\">\n\t\t\t\t\t<h2 class=\"elementor-heading-title elementor-size-large\">Ser Associada<\/h2>\t\t\t\t<\/div>\n\t\t\t\t<\/div>\n\t\t\t\t<div class=\"elementor-element elementor-element-416cc3f7 elementor-widget elementor-widget-text-editor\" data-id=\"416cc3f7\" data-element_type=\"widget\" data-e-type=\"widget\" data-widget_type=\"text-editor.default\">\n\t\t\t\t<div class=\"elementor-widget-container\">\n\t\t\t\t\t\t\t\t\t<p><\/p>\n<p>\u00c9 importante participar na FAPODIVEL. As Associa\u00e7\u00f5es federadas fortalecem o movimento associativo parental.\u00a0 A FAPODIVEL \u00e9 um relevante interlocutor com o Munic\u00edpio em quest\u00f5es de educa\u00e7\u00e3o pelo que, quanto mais associa\u00e7\u00f5es pertencerem \u00e0 FAPODIVEL, melhor ser\u00e1 o trabalho da FAPODIVEL na defesa do interesses de educadores e crian\u00e7as.<\/p>\n<p>A FAPODIVEL \u00e9 membro da CONFAP, porque acredita que juntos somos mais fortes. As Associadas da FAPODIVEL que se inscreverem como s\u00f3cias da CONFAP, t\u00eam a sua quota paga pela FAPODIVEL.<\/p>\n<p>Para se tornar associada da FAPODIVEL basta preencher o\u00a0<a href=\"https:\/\/forms.gle\/CpKCAkw59yMrZ8nW7\"><strong>Formul\u00e1rio de Ades\u00e3o<\/strong><\/a><\/p>\n<p>Pague depois a quota de <span style=\"color: #333399;\"><strong>25 \u20ac<\/strong><\/span> atrav\u00e9s de transfer\u00eancia para a seguinte conta banc\u00e1ria:<\/p>\n<p>NIB \u00a0 0033 0000 4555 3062 7890 5<\/p>\n<p>IBAN \u00a0 PT50 0033 0000 4555 3062 7890 5<\/p>\n<p>Envie o comprovativo da transfer\u00eancia para o email:\u00a0<strong><a href=\"mailto:federacao.concelhia@gmail.com\" data-type=\"mailto\" data-id=\"mailto:federacao.concelhia@gmail.com\">federacao.concelhia@gmail.com<\/a><\/strong><\/p>\n<p>Ap\u00f3s confirma\u00e7\u00e3o da rece\u00e7\u00e3o da transfer\u00eancia na conta banc\u00e1ria, a FAPODIVEL emite um recibo em PDF que envia para o email da Associa\u00e7\u00e3o.<\/p>\n<p>\u00a0<\/p>\n<p><\/p>\t\t\t\t\t\t\t\t<\/div>\n\t\t\t\t<\/div>\n\t\t\t\t\t<\/div>\n\t\t<\/div>\n\t\t\t\t\t<\/div>\n\t\t<\/section>\n\t\t\t\t<\/div>\n\t\t","protected":false},"excerpt":{"rendered":"<p>Ser Associada \u00c9 importante participar na FAPODIVEL. As Associa\u00e7\u00f5es federadas fortalecem o movimento associativo parental.\u00a0 A FAPODIVEL \u00e9 um relevante interlocutor com o Munic\u00edpio em quest\u00f5es de educa\u00e7\u00e3o pelo que, quanto mais associa\u00e7\u00f5es pertencerem \u00e0 FAPODIVEL, melhor ser\u00e1 o trabalho da FAPODIVEL na defesa do interesses de educadores e crian\u00e7as. A FAPODIVEL \u00e9 membro da &hellip; <\/p>\n<p><a class=\"more-link btn\" href=\"https:\/\/fapodivel.pt\/?page_id=688\">Continue reading<\/a><\/p>\n","protected":false},"author":592732,"featured_media":0,"parent":1981,"menu_order":3,"comment_status":"closed","ping_status":"closed","template":"","meta":{"footnotes":""},"class_list":["post-688","page","type-page","status-publish","hentry","nodate","item-wrap"],"_links":{"self":[{"href":"https:\/\/fapodivel.pt\/index.php?rest_route=\/wp\/v2\/pages\/688","targetHints":{"allow":["GET"]}}],"collection":[{"href":"https:\/\/fapodivel.pt\/index.php?rest_route=\/wp\/v2\/pages"}],"about":[{"href":"https:\/\/fapodivel.pt\/index.php?rest_route=\/wp\/v2\/types\/page"}],"author":[{"embeddable":true,"href":"https:\/\/fapodivel.pt\/index.php?rest_route=\/wp\/v2\/users\/592732"}],"replies":[{"embeddable":true,"href":"https:\/\/fapodivel.pt\/index.php?rest_route=%2Fwp%2Fv2%2Fcomments&post=688"}],"version-history":[{"count":46,"href":"https:\/\/fapodivel.pt\/index.php?rest_route=\/wp\/v2\/pages\/688\/revisions"}],"predecessor-version":[{"id":1906,"href":"https:\/\/fapodivel.pt\/index.php?rest_route=\/wp\/v2\/pages\/688\/revisions\/1906"}],"up":[{"embeddable":true,"href":"https:\/\/fapodivel.pt\/index.php?rest_route=\/wp\/v2\/pages\/1981"}],"wp:attachment":[{"href":"https:\/\/fapodivel.pt\/index.php?rest_route=%2Fwp%2Fv2%2Fmedia&parent=688"}],"curies":[{"name":"wp","href":"https:\/\/api.w.org\/{rel}","templated":true}]}}