{"id":881,"date":"2022-02-06T18:40:49","date_gmt":"2022-02-06T18:40:49","guid":{"rendered":"https:\/\/fapodivel.pt\/?page_id=881"},"modified":"2025-05-27T00:55:43","modified_gmt":"2025-05-27T00:55:43","slug":"documentacao-1","status":"publish","type":"page","link":"https:\/\/fapodivel.pt\/?page_id=881","title":{"rendered":"Documenta\u00e7\u00e3o"},"content":{"rendered":"\t\t<div data-elementor-type=\"wp-page\" data-elementor-id=\"881\" class=\"elementor elementor-881\" data-elementor-settings=\"{&quot;ha_cmc_init_switcher&quot;:&quot;no&quot;}\">\n\t\t\t\t\t\t<section class=\"elementor-section elementor-top-section elementor-element elementor-element-6935625 elementor-section-boxed elementor-section-height-default elementor-section-height-default\" data-id=\"6935625\" data-element_type=\"section\" data-e-type=\"section\" data-settings=\"{&quot;_ha_eqh_enable&quot;:false}\">\n\t\t\t\t\t\t<div class=\"elementor-container elementor-column-gap-default\">\n\t\t\t\t\t<div class=\"elementor-column elementor-col-50 elementor-top-column elementor-element elementor-element-d3bcab8\" data-id=\"d3bcab8\" data-element_type=\"column\" data-e-type=\"column\">\n\t\t\t<div class=\"elementor-widget-wrap elementor-element-populated\">\n\t\t\t\t\t\t<div class=\"elementor-element elementor-element-1b23063 elementor-widget elementor-widget-heading\" data-id=\"1b23063\" data-element_type=\"widget\" data-e-type=\"widget\" data-widget_type=\"heading.default\">\n\t\t\t\t<div class=\"elementor-widget-container\">\n\t\t\t\t\t<h2 class=\"elementor-heading-title elementor-size-large\">Documenta\u00e7\u00e3o<\/h2>\t\t\t\t<\/div>\n\t\t\t\t<\/div>\n\t\t\t\t<div class=\"elementor-element elementor-element-5a7afcd e-transform e-transform elementor-widget elementor-widget-toggle\" data-id=\"5a7afcd\" data-element_type=\"widget\" data-e-type=\"widget\" data-settings=\"{&quot;_transform_translateX_effect_hover&quot;:{&quot;unit&quot;:&quot;px&quot;,&quot;size&quot;:&quot;&quot;,&quot;sizes&quot;:[]},&quot;_transform_translateX_effect_hover_tablet&quot;:{&quot;unit&quot;:&quot;px&quot;,&quot;size&quot;:&quot;&quot;,&quot;sizes&quot;:[]},&quot;_transform_translateX_effect_hover_mobile&quot;:{&quot;unit&quot;:&quot;px&quot;,&quot;size&quot;:&quot;&quot;,&quot;sizes&quot;:[]},&quot;_transform_translateY_effect_hover&quot;:{&quot;unit&quot;:&quot;px&quot;,&quot;size&quot;:&quot;&quot;,&quot;sizes&quot;:[]},&quot;_transform_translateY_effect_hover_tablet&quot;:{&quot;unit&quot;:&quot;px&quot;,&quot;size&quot;:&quot;&quot;,&quot;sizes&quot;:[]},&quot;_transform_translateY_effect_hover_mobile&quot;:{&quot;unit&quot;:&quot;px&quot;,&quot;size&quot;:&quot;&quot;,&quot;sizes&quot;:[]},&quot;_transform_scale_effect_hover&quot;:{&quot;unit&quot;:&quot;px&quot;,&quot;size&quot;:&quot;&quot;,&quot;sizes&quot;:[]},&quot;_transform_scale_effect_hover_tablet&quot;:{&quot;unit&quot;:&quot;px&quot;,&quot;size&quot;:&quot;&quot;,&quot;sizes&quot;:[]},&quot;_transform_scale_effect_hover_mobile&quot;:{&quot;unit&quot;:&quot;px&quot;,&quot;size&quot;:&quot;&quot;,&quot;sizes&quot;:[]}}\" data-widget_type=\"toggle.default\">\n\t\t\t\t<div class=\"elementor-widget-container\">\n\t\t\t\t\t\t\t<div class=\"elementor-toggle\">\n\t\t\t\t\t\t\t<div class=\"elementor-toggle-item\">\n\t\t\t\t\t<div id=\"elementor-tab-title-9481\" class=\"elementor-tab-title\" data-tab=\"1\" role=\"button\" aria-controls=\"elementor-tab-content-9481\" aria-expanded=\"false\">\n\t\t\t\t\t\t\t\t\t\t\t\t<span class=\"elementor-toggle-icon elementor-toggle-icon-left\" aria-hidden=\"true\">\n\t\t\t\t\t\t\t\t\t\t\t\t\t\t\t<span class=\"elementor-toggle-icon-closed\"><i class=\"fas fa-caret-right\"><\/i><\/span>\n\t\t\t\t\t\t\t\t<span class=\"elementor-toggle-icon-opened\"><i class=\"elementor-toggle-icon-opened fas fa-caret-up\"><\/i><\/span>\n\t\t\t\t\t\t\t\t\t\t\t\t\t<\/span>\n\t\t\t\t\t\t\t\t\t\t\t\t<a class=\"elementor-toggle-title\" tabindex=\"0\">Documenta\u00e7\u00e3o FAPODIVEL<\/a>\n\t\t\t\t\t<\/div>\n\n\t\t\t\t\t<div id=\"elementor-tab-content-9481\" class=\"elementor-tab-content elementor-clearfix\" data-tab=\"1\" role=\"region\" aria-labelledby=\"elementor-tab-title-9481\"><ol><li><a href=\"https:\/\/drive.google.com\/file\/d\/0B-_pcq5cR8pPNUtEbTFJbnJvQWc\/view?resourcekey=0-r4stO2j9TE3MiVB5_TjClw\" target=\"_blank\" rel=\"noopener\">Estatutos<\/a><\/li><li><a href=\"https:\/\/drive.google.com\/file\/d\/1II4PIvWru7vWmY6TZyPQipLo41l8cRaD\/view\" target=\"_blank\" rel=\"noopener\">Regulamento Interno<\/a><\/li><li><a href=\"https:\/\/drive.google.com\/file\/d\/12SDq8gbYF0UBuhgFvUhlOU0PN4cXmo4-\/view?usp=sharing\" target=\"_blank\" rel=\"noopener\">Plano Anual de Atividades e Or\u00e7amento<\/a><\/li><li><a href=\"https:\/\/drive.google.com\/file\/d\/1jBGmeCIhCcd_-0T4iCtxbjAd_-XwSWsy\/view?usp=share_link\">V\u00eddeo &#8220;O trabalho das Associa\u00e7\u00f5es de Pais&#8221;<\/a><\/li><li><a href=\"https:\/\/drive.google.com\/file\/d\/153zAfISm-CvuHitT9k6B6xAFAmA-06ul\/view?usp=share_link\">V\u00eddeo &#8220;Apresenta\u00e7\u00e3o da FAPODIVEL&#8221;<\/a><\/li><li><a href=\"https:\/\/drive.google.com\/file\/d\/1i09Ph_EkgiX8Qa-2nWSfMECc5JCEpwIc\/view?usp=sharing\">V\u00eddeo &#8220;XII Encontro Concelhio&#8221;<\/a><\/li><\/ol><\/div>\n\t\t\t\t<\/div>\n\t\t\t\t\t\t\t<div class=\"elementor-toggle-item\">\n\t\t\t\t\t<div id=\"elementor-tab-title-9482\" class=\"elementor-tab-title\" data-tab=\"2\" role=\"button\" aria-controls=\"elementor-tab-content-9482\" aria-expanded=\"false\">\n\t\t\t\t\t\t\t\t\t\t\t\t<span class=\"elementor-toggle-icon elementor-toggle-icon-left\" aria-hidden=\"true\">\n\t\t\t\t\t\t\t\t\t\t\t\t\t\t\t<span class=\"elementor-toggle-icon-closed\"><i class=\"fas fa-caret-right\"><\/i><\/span>\n\t\t\t\t\t\t\t\t<span class=\"elementor-toggle-icon-opened\"><i class=\"elementor-toggle-icon-opened fas fa-caret-up\"><\/i><\/span>\n\t\t\t\t\t\t\t\t\t\t\t\t\t<\/span>\n\t\t\t\t\t\t\t\t\t\t\t\t<a class=\"elementor-toggle-title\" tabindex=\"0\">Manuais<\/a>\n\t\t\t\t\t<\/div>\n\n\t\t\t\t\t<div id=\"elementor-tab-content-9482\" class=\"elementor-tab-content elementor-clearfix\" data-tab=\"2\" role=\"region\" aria-labelledby=\"elementor-tab-title-9482\"><ol><li><a href=\"https:\/\/drive.google.com\/file\/d\/1TRHJXqorOZe9AIYzZAd9jFjOOQmc9vIx\/view?usp=sharing\" target=\"_blank\" rel=\"noopener\">Manual de Constitui\u00e7\u00e3o de uma Associa\u00e7\u00e3o<\/a><\/li><li>Manual de Reativa\u00e7\u00e3o de uma Associa\u00e7\u00e3o<\/li><li><a href=\"https:\/\/drive.google.com\/file\/d\/1LIcvUU7PiLRxGA3okMeq00oM7JuUZYti\/view?usp=drive_link\" target=\"_blank\" rel=\"noopener\">Manual de Gest\u00e3o de uma Associa\u00e7\u00e3o<\/a><\/li><\/ol><\/div>\n\t\t\t\t<\/div>\n\t\t\t\t\t\t\t<div class=\"elementor-toggle-item\">\n\t\t\t\t\t<div id=\"elementor-tab-title-9483\" class=\"elementor-tab-title\" data-tab=\"3\" role=\"button\" aria-controls=\"elementor-tab-content-9483\" aria-expanded=\"false\">\n\t\t\t\t\t\t\t\t\t\t\t\t<span class=\"elementor-toggle-icon elementor-toggle-icon-left\" aria-hidden=\"true\">\n\t\t\t\t\t\t\t\t\t\t\t\t\t\t\t<span class=\"elementor-toggle-icon-closed\"><i class=\"fas fa-caret-right\"><\/i><\/span>\n\t\t\t\t\t\t\t\t<span class=\"elementor-toggle-icon-opened\"><i class=\"elementor-toggle-icon-opened fas fa-caret-up\"><\/i><\/span>\n\t\t\t\t\t\t\t\t\t\t\t\t\t<\/span>\n\t\t\t\t\t\t\t\t\t\t\t\t<a class=\"elementor-toggle-title\" tabindex=\"0\">Boletins Informativos<\/a>\n\t\t\t\t\t<\/div>\n\n\t\t\t\t\t<div id=\"elementor-tab-content-9483\" class=\"elementor-tab-content elementor-clearfix\" data-tab=\"3\" role=\"region\" aria-labelledby=\"elementor-tab-title-9483\"><p><a href=\"https:\/\/drive.google.com\/file\/d\/0B-_pcq5cR8pPZjAtQ2dFZVpscHM\/view?usp=sharing&amp;resourcekey=0-Fd-Ba714V-by9gjr2im3dQ\" target=\"_blank\" rel=\"noopener\">Boletim Informativo 2011<\/a><\/p><p><a href=\"https:\/\/drive.google.com\/file\/d\/0B-_pcq5cR8pPdWpFVmZQQTRPc1E\/view?usp=sharing&amp;resourcekey=0-fy8bhEMsutCY7BegYfQrTQ\" target=\"_blank\" rel=\"noopener\">Boletim Informativo 2009<\/a><\/p><\/div>\n\t\t\t\t<\/div>\n\t\t\t\t\t\t\t<div class=\"elementor-toggle-item\">\n\t\t\t\t\t<div id=\"elementor-tab-title-9484\" class=\"elementor-tab-title\" data-tab=\"4\" role=\"button\" aria-controls=\"elementor-tab-content-9484\" aria-expanded=\"false\">\n\t\t\t\t\t\t\t\t\t\t\t\t<span class=\"elementor-toggle-icon elementor-toggle-icon-left\" aria-hidden=\"true\">\n\t\t\t\t\t\t\t\t\t\t\t\t\t\t\t<span class=\"elementor-toggle-icon-closed\"><i class=\"fas fa-caret-right\"><\/i><\/span>\n\t\t\t\t\t\t\t\t<span class=\"elementor-toggle-icon-opened\"><i class=\"elementor-toggle-icon-opened fas fa-caret-up\"><\/i><\/span>\n\t\t\t\t\t\t\t\t\t\t\t\t\t<\/span>\n\t\t\t\t\t\t\t\t\t\t\t\t<a class=\"elementor-toggle-title\" tabindex=\"0\">Programa de Apoio Associativo de Pais e EE<\/a>\n\t\t\t\t\t<\/div>\n\n\t\t\t\t\t<div id=\"elementor-tab-content-9484\" class=\"elementor-tab-content elementor-clearfix\" data-tab=\"4\" role=\"region\" aria-labelledby=\"elementor-tab-title-9484\"><p><a href=\"https:\/\/docs.google.com\/document\/d\/1nckZWJ_i6fL6n7vj9IPvONSzom2t23IC\/edit?usp=sharing&amp;ouid=101628655393330439622&amp;rtpof=true&amp;sd=true\" target=\"_blank\" rel=\"noopener\">Regulamento do PAAPEE<\/a><\/p><p><a href=\"https:\/\/drive.google.com\/file\/d\/1Sqlu1O-1YkR19XoXG5ennvcHmv2ifL7r\/view?usp=sharing\" target=\"_blank\" rel=\"noopener\">Formul\u00e1rio de Candidatura e formul\u00e1rios de Apoio\u00a0\u00a0<\/a><\/p><\/div>\n\t\t\t\t<\/div>\n\t\t\t\t\t\t\t<div class=\"elementor-toggle-item\">\n\t\t\t\t\t<div id=\"elementor-tab-title-9485\" class=\"elementor-tab-title\" data-tab=\"5\" role=\"button\" aria-controls=\"elementor-tab-content-9485\" aria-expanded=\"false\">\n\t\t\t\t\t\t\t\t\t\t\t\t<span class=\"elementor-toggle-icon elementor-toggle-icon-left\" aria-hidden=\"true\">\n\t\t\t\t\t\t\t\t\t\t\t\t\t\t\t<span class=\"elementor-toggle-icon-closed\"><i class=\"fas fa-caret-right\"><\/i><\/span>\n\t\t\t\t\t\t\t\t<span class=\"elementor-toggle-icon-opened\"><i class=\"elementor-toggle-icon-opened fas fa-caret-up\"><\/i><\/span>\n\t\t\t\t\t\t\t\t\t\t\t\t\t<\/span>\n\t\t\t\t\t\t\t\t\t\t\t\t<a class=\"elementor-toggle-title\" tabindex=\"0\">Links de Interesse<\/a>\n\t\t\t\t\t<\/div>\n\n\t\t\t\t\t<div id=\"elementor-tab-content-9485\" class=\"elementor-tab-content elementor-clearfix\" data-tab=\"5\" role=\"region\" aria-labelledby=\"elementor-tab-title-9485\"><p><a href=\"https:\/\/confap.pt\/\" target=\"_blank\" rel=\"noopener\">CONFAP<\/a><\/p><p><a style=\"text-align: inherit; font-weight: var( --e-global-typography-text-font-weight );\" href=\"https:\/\/www.facebook.com\/CPCJ-Odivelas-516455405411253\" target=\"_blank\" rel=\"noopener\">CPCJ<\/a><\/p><p><a style=\"text-align: inherit; font-weight: var( --e-global-typography-text-font-weight );\" href=\"https:\/\/www.cm-odivelas.pt\/\" target=\"_blank\" rel=\"noopener\">CMO<\/a><\/p><p><a href=\"https:\/\/brighterfuture.joseneves.org\/guia\/guia-escolher-estudar\">Brighter Future &#8211; Funda\u00e7\u00e3o Jos\u00e9 Neves &#8211; Diversos Guias<\/a><\/p><p><a style=\"text-align: inherit; font-weight: var( --e-global-typography-text-font-weight );\" href=\"https:\/\/www.facebook.com\/Fapoestejo\/\">FAPOESTEJO<\/a><\/p><p><a style=\"background-color: #ffffff;\" href=\"https:\/\/desportoescolar.dge.medu.pt\/\" target=\"_blank\" rel=\"noopener\">Desporto Escolar<\/a><\/p><p><a style=\"background-color: #ffffff;\" href=\"https:\/\/jf-odivelas.pt\/\" target=\"_blank\" rel=\"noopener\">JF Odivelas<\/a><\/p><p><a href=\"http:\/\/jf-pontinhafamoes.pt\/\" target=\"_blank\" rel=\"noopener\">JF Pontinha e Fam\u00f5es<\/a><\/p><p><a href=\"http:\/\/www.uf-ramadaecanecas.pt\/\" target=\"_blank\" rel=\"noopener\">UF Ramada e Cane\u00e7as<\/a><\/p><p><a href=\"https:\/\/uf-povoaolival.pt\/\" target=\"_blank\" rel=\"noopener\">UF P\u00f3voa Sto. Adri\u00e3o e Olival Basto<\/a><\/p><\/div>\n\t\t\t\t<\/div>\n\t\t\t\t\t\t\t<div class=\"elementor-toggle-item\">\n\t\t\t\t\t<div id=\"elementor-tab-title-9486\" class=\"elementor-tab-title\" data-tab=\"6\" role=\"button\" aria-controls=\"elementor-tab-content-9486\" aria-expanded=\"false\">\n\t\t\t\t\t\t\t\t\t\t\t\t<span class=\"elementor-toggle-icon elementor-toggle-icon-left\" aria-hidden=\"true\">\n\t\t\t\t\t\t\t\t\t\t\t\t\t\t\t<span class=\"elementor-toggle-icon-closed\"><i class=\"fas fa-caret-right\"><\/i><\/span>\n\t\t\t\t\t\t\t\t<span class=\"elementor-toggle-icon-opened\"><i class=\"elementor-toggle-icon-opened fas fa-caret-up\"><\/i><\/span>\n\t\t\t\t\t\t\t\t\t\t\t\t\t<\/span>\n\t\t\t\t\t\t\t\t\t\t\t\t<a class=\"elementor-toggle-title\" tabindex=\"0\">Dados das Escolas do Concelho<\/a>\n\t\t\t\t\t<\/div>\n\n\t\t\t\t\t<div id=\"elementor-tab-content-9486\" class=\"elementor-tab-content elementor-clearfix\" data-tab=\"6\" role=\"region\" aria-labelledby=\"elementor-tab-title-9486\"><p><a href=\"https:\/\/drive.google.com\/file\/d\/1BnPqZkxU-U3qg0oqGscM2sAK4vQ-BemT\/view?usp=sharing\">Tabela de Contactos das Escolas<\/a><\/p><\/div>\n\t\t\t\t<\/div>\n\t\t\t\t\t\t\t<div class=\"elementor-toggle-item\">\n\t\t\t\t\t<div id=\"elementor-tab-title-9487\" class=\"elementor-tab-title\" data-tab=\"7\" role=\"button\" aria-controls=\"elementor-tab-content-9487\" aria-expanded=\"false\">\n\t\t\t\t\t\t\t\t\t\t\t\t<span class=\"elementor-toggle-icon elementor-toggle-icon-left\" aria-hidden=\"true\">\n\t\t\t\t\t\t\t\t\t\t\t\t\t\t\t<span class=\"elementor-toggle-icon-closed\"><i class=\"fas fa-caret-right\"><\/i><\/span>\n\t\t\t\t\t\t\t\t<span class=\"elementor-toggle-icon-opened\"><i class=\"elementor-toggle-icon-opened fas fa-caret-up\"><\/i><\/span>\n\t\t\t\t\t\t\t\t\t\t\t\t\t<\/span>\n\t\t\t\t\t\t\t\t\t\t\t\t<a class=\"elementor-toggle-title\" tabindex=\"0\">Legisla\u00e7\u00e3o<\/a>\n\t\t\t\t\t<\/div>\n\n\t\t\t\t\t<div id=\"elementor-tab-content-9487\" class=\"elementor-tab-content elementor-clearfix\" data-tab=\"7\" role=\"region\" aria-labelledby=\"elementor-tab-title-9487\"><p><a href=\"https:\/\/dre.pt\/dre\/detalhe\/lei\/29-2006-538016\" target=\"_blank\" rel=\"noopener\">Lei 29\/2006 &#8211;\u00a0Regime Jur\u00eddico das APEEs (altera o anterior)<\/a><\/p><p><a href=\"https:\/\/dre.pt\/dre\/detalhe\/decreto-lei\/80-144996\" target=\"_blank\" rel=\"noopener\">Dec. Lei 80\/99\u00a0&#8211; Regime Jur\u00eddico das APEEs (altera o anterior)<\/a><\/p><p><a href=\"https:\/\/dre.pt\/dre\/detalhe\/decreto-lei\/372-1990-564802\" target=\"_blank\" rel=\"noopener\">Dec. Lei 327\/90 &#8211;\u00a0Regime Jur\u00eddico das APEEs\u00a0<\/a><\/p><p><a href=\"https:\/\/files.dre.pt\/1s\/2011\/03\/05100\/0142501430.pdf\" target=\"_blank\" rel=\"noopener\">Portaria 105\/2011\u00a0&#8211; Normaliza\u00e7\u00e3o Contabil\u00edstica para entidades do setor n\u00e3o lucrativo\u00a0\u00a0<\/a><\/p><p><a href=\"https:\/\/dre.pt\/dre\/detalhe\/decreto-lei\/54-2018-115652961\" target=\"_blank\" rel=\"noopener\">Dec. Lei 54\/2018 &#8211; Educa\u00e7\u00e3o Inclusiva<\/a><\/p><p><a href=\"https:\/\/dre.pt\/dre\/detalhe\/decreto-lei\/55-2018-115652962\" target=\"_blank\" rel=\"noopener\">Dec. Lei 55\/2018 &#8211; Flexibilidade Curricular e Autonomia<\/a><\/p><p><a href=\"https:\/\/dre.pt\/dre\/legislacao-consolidada\/decreto-lei\/1966-34509075\" target=\"_blank\" rel=\"noopener\">C\u00f3digo Civil &#8211; art.\u00ba 157 a 184 &#8211; Pessoas Coletivas e Associa\u00e7\u00f5es<\/a><\/p><p><a href=\"https:\/\/dre.pt\/dre\/legislacao-consolidada\/decreto-lei\/2008-34457775-43499575\">Dec. Lei 75\/2008 &#8211; Regime de Autonomia das Escolas<\/a><\/p><p><a href=\"https:\/\/dre.pt\/dre\/detalhe\/portaria\/413-1999-311201\">Portaria n.\u00ba 413\/99 &#8211; Regulamento do Seguro Escolar<\/a><\/p><p><a href=\"https:\/\/dre.pt\/dre\/detalhe\/despacho\/8127-2021-169689544\">Despacho 8127\/2021- Alimenta\u00e7\u00e3o nos refeit\u00f3rios e bufetes das escolas<\/a><\/p><\/div>\n\t\t\t\t<\/div>\n\t\t\t\t\t\t\t<div class=\"elementor-toggle-item\">\n\t\t\t\t\t<div id=\"elementor-tab-title-9488\" class=\"elementor-tab-title\" data-tab=\"8\" role=\"button\" aria-controls=\"elementor-tab-content-9488\" aria-expanded=\"false\">\n\t\t\t\t\t\t\t\t\t\t\t\t<span class=\"elementor-toggle-icon elementor-toggle-icon-left\" aria-hidden=\"true\">\n\t\t\t\t\t\t\t\t\t\t\t\t\t\t\t<span class=\"elementor-toggle-icon-closed\"><i class=\"fas fa-caret-right\"><\/i><\/span>\n\t\t\t\t\t\t\t\t<span class=\"elementor-toggle-icon-opened\"><i class=\"elementor-toggle-icon-opened fas fa-caret-up\"><\/i><\/span>\n\t\t\t\t\t\t\t\t\t\t\t\t\t<\/span>\n\t\t\t\t\t\t\t\t\t\t\t\t<a class=\"elementor-toggle-title\" tabindex=\"0\">Outros Documentos<\/a>\n\t\t\t\t\t<\/div>\n\n\t\t\t\t\t<div id=\"elementor-tab-content-9488\" class=\"elementor-tab-content elementor-clearfix\" data-tab=\"8\" role=\"region\" aria-labelledby=\"elementor-tab-title-9488\"><p><a href=\"https:\/\/www.seg-social.pt\/documents\/10152\/24700\/2001_inscricao_alteracao_dados\/5e1af577-120e-4ff9-9296-583bf230296f\" target=\"_blank\" rel=\"noopener\">Guia Pr\u00e1tico &#8211; Inscri\u00e7\u00e3o e Altera\u00e7\u00e3o de Dados &#8211; Seguran\u00e7a Social<\/a><\/p><p><a href=\"https:\/\/bit.ly\/3JpzQ4g\" target=\"_blank\" rel=\"noopener\">Relat\u00f3rio Anual de Educa\u00e7\u00e3o na OCDE<\/a><\/p><p><a href=\"https:\/\/bit.ly\/3JpzQ4g\" target=\"_blank\" rel=\"noopener\">Escolas e Professores &#8211; Proteger, Transformar, Valorizar &#8211; Ant\u00f3nio N\u00f3voa\u00a0<\/a><\/p><\/div>\n\t\t\t\t<\/div>\n\t\t\t\t\t\t\t\t<\/div>\n\t\t\t\t\t\t<\/div>\n\t\t\t\t<\/div>\n\t\t\t\t\t<\/div>\n\t\t<\/div>\n\t\t\t\t<div class=\"elementor-column elementor-col-50 elementor-top-column elementor-element elementor-element-64040f0\" data-id=\"64040f0\" data-element_type=\"column\" data-e-type=\"column\">\n\t\t\t<div class=\"elementor-widget-wrap elementor-element-populated\">\n\t\t\t\t\t\t<div class=\"elementor-element elementor-element-0b94839 elementor-widget elementor-widget-heading\" data-id=\"0b94839\" data-element_type=\"widget\" data-e-type=\"widget\" data-widget_type=\"heading.default\">\n\t\t\t\t<div class=\"elementor-widget-container\">\n\t\t\t\t\t<h2 class=\"elementor-heading-title elementor-size-default\">Em Destaque<\/h2>\t\t\t\t<\/div>\n\t\t\t\t<\/div>\n\t\t\t\t<div class=\"elementor-element elementor-element-b38a2ac elementor-widget elementor-widget-text-editor\" data-id=\"b38a2ac\" data-element_type=\"widget\" data-e-type=\"widget\" data-widget_type=\"text-editor.default\">\n\t\t\t\t<div class=\"elementor-widget-container\">\n\t\t\t\t\t\t\t\t\t<p><a href=\"https:\/\/drive.google.com\/file\/d\/12SDq8gbYF0UBuhgFvUhlOU0PN4cXmo4-\/view?usp=sharing\" target=\"_blank\" rel=\"noopener\">Plano Anual de Atividade e Or\u00e7amento 2024\/ 25<\/a><\/p>\t\t\t\t\t\t\t\t<\/div>\n\t\t\t\t<\/div>\n\t\t\t\t\t<\/div>\n\t\t<\/div>\n\t\t\t\t\t<\/div>\n\t\t<\/section>\n\t\t\t\t<section class=\"elementor-section elementor-top-section elementor-element elementor-element-7f3f6d2 elementor-section-boxed elementor-section-height-default elementor-section-height-default\" data-id=\"7f3f6d2\" data-element_type=\"section\" data-e-type=\"section\" data-settings=\"{&quot;_ha_eqh_enable&quot;:false}\">\n\t\t\t\t\t\t<div class=\"elementor-container elementor-column-gap-default\">\n\t\t\t\t\t<div class=\"elementor-column elementor-col-100 elementor-top-column elementor-element elementor-element-789d567\" data-id=\"789d567\" data-element_type=\"column\" data-e-type=\"column\">\n\t\t\t<div class=\"elementor-widget-wrap\">\n\t\t\t\t\t\t\t<\/div>\n\t\t<\/div>\n\t\t\t\t\t<\/div>\n\t\t<\/section>\n\t\t\t\t<\/div>\n\t\t","protected":false},"excerpt":{"rendered":"<p>Documenta\u00e7\u00e3o Documenta\u00e7\u00e3o FAPODIVEL Estatutos Regulamento Interno Plano Anual de Atividades e Or\u00e7amento V\u00eddeo &#8220;O trabalho das Associa\u00e7\u00f5es de Pais&#8221; V\u00eddeo &#8220;Apresenta\u00e7\u00e3o da FAPODIVEL&#8221; V\u00eddeo &#8220;XII Encontro Concelhio&#8221; Manuais Manual de Constitui\u00e7\u00e3o de uma Associa\u00e7\u00e3o Manual de Reativa\u00e7\u00e3o de uma Associa\u00e7\u00e3o Manual de Gest\u00e3o de uma Associa\u00e7\u00e3o Boletins Informativos Boletim Informativo 2011 Boletim Informativo 2009 Programa &hellip; <\/p>\n<p><a class=\"more-link btn\" href=\"https:\/\/fapodivel.pt\/?page_id=881\">Continue reading<\/a><\/p>\n","protected":false},"author":592732,"featured_media":0,"parent":0,"menu_order":6,"comment_status":"closed","ping_status":"closed","template":"","meta":{"footnotes":""},"class_list":["post-881","page","type-page","status-publish","hentry","nodate","item-wrap"],"_links":{"self":[{"href":"https:\/\/fapodivel.pt\/index.php?rest_route=\/wp\/v2\/pages\/881","targetHints":{"allow":["GET"]}}],"collection":[{"href":"https:\/\/fapodivel.pt\/index.php?rest_route=\/wp\/v2\/pages"}],"about":[{"href":"https:\/\/fapodivel.pt\/index.php?rest_route=\/wp\/v2\/types\/page"}],"author":[{"embeddable":true,"href":"https:\/\/fapodivel.pt\/index.php?rest_route=\/wp\/v2\/users\/592732"}],"replies":[{"embeddable":true,"href":"https:\/\/fapodivel.pt\/index.php?rest_route=%2Fwp%2Fv2%2Fcomments&post=881"}],"version-history":[{"count":163,"href":"https:\/\/fapodivel.pt\/index.php?rest_route=\/wp\/v2\/pages\/881\/revisions"}],"predecessor-version":[{"id":2619,"href":"https:\/\/fapodivel.pt\/index.php?rest_route=\/wp\/v2\/pages\/881\/revisions\/2619"}],"wp:attachment":[{"href":"https:\/\/fapodivel.pt\/index.php?rest_route=%2Fwp%2Fv2%2Fmedia&parent=881"}],"curies":[{"name":"wp","href":"https:\/\/api.w.org\/{rel}","templated":true}]}}